{"id":2757,"date":"2018-07-19T14:53:39","date_gmt":"2018-07-19T12:53:39","guid":{"rendered":"https:\/\/www.celler-kartbahn.com\/website\/?page_id=2757"},"modified":"2024-10-10T12:35:11","modified_gmt":"2024-10-10T10:35:11","slug":"der-veranstaltungsraum","status":"publish","type":"page","link":"https:\/\/www.celler-kartbahn.com\/website\/der-veranstaltungsraum\/","title":{"rendered":"Der Veranstaltungsraum"},"content":{"rendered":"<p><img loading=\"lazy\" decoding=\"async\" class=\"bildstrecke alignleft wp-image-700\" src=\"https:\/\/www.celler-kartbahn.com\/website\/wp-content\/uploads\/2018\/07\/009-1.jpg\" alt=\"\" width=\"450\" height=\"300\" \/>\u00a0 <img loading=\"lazy\" decoding=\"async\" class=\"bildstrecke alignright wp-image-696\" src=\"https:\/\/www.celler-kartbahn.com\/website\/wp-content\/uploads\/2018\/07\/008-1.jpg\" alt=\"\" width=\"450\" height=\"300\" \/><\/p>\n<table border=\"0\" width=\"90%\" cellspacing=\"2\" cellpadding=\"2\" align=\"center\">\n<tbody>\n<tr>\n<td class=\"tbl\" colspan=\"2\" align=\"center\"><\/td>\n<\/tr>\n<tr>\n<td class=\"tbl1\" colspan=\"2\">Veranstaltungsraum<\/p>\n<p>&nbsp;<\/p>\n<p>In unserem Veranstaltungsraum finden bis zu 80 Personen Platz um den spannenden Renntag ausklingen zu lassen. Bei einer Buffetbestellung steht der Raum nat\u00fcrlich kostenfrei zur Verf\u00fcgung. Jederzeit werden Sie von unserem Servicepersonal bedient um den Abend so gem\u00fctlich wie m\u00f6glich zu gestalten.<\/p>\n<p>In der Weihnachtszeit ist der Raum nat\u00fcrlich dementsprechend dekoriert und es bleibt keine Weihnachtliche Stimmung verborgen \ud83d\ude42<\/p>\n<p>&nbsp;<\/p>\n<p>Hier geht\u2019s zu unserer <a href=\"https:\/\/www.celler-kartbahn.com\/website\/wp-content\/uploads\/2024\/10\/Buffetangebot-2024-neu.pdf\">Buffetauswahl<\/a><\/td>\n<\/tr>\n<\/tbody>\n<\/table>\n<p><img loading=\"lazy\" decoding=\"async\" class=\"bildstrecke alignleft wp-image-697\" src=\"https:\/\/www.celler-kartbahn.com\/website\/wp-content\/uploads\/2018\/07\/004-1.jpg\" alt=\"\" width=\"450\" height=\"300\" \/><img loading=\"lazy\" decoding=\"async\" class=\"bildstrecke alignright wp-image-698\" src=\"https:\/\/www.celler-kartbahn.com\/website\/wp-content\/uploads\/2018\/07\/006-1.jpg\" alt=\"\" width=\"450\" height=\"300\" \/><img loading=\"lazy\" decoding=\"async\" class=\"bildstrecke alignleft wp-image-699\" src=\"https:\/\/www.celler-kartbahn.com\/website\/wp-content\/uploads\/2018\/07\/003-1.jpg\" alt=\"\" width=\"450\" height=\"300\" \/><img loading=\"lazy\" decoding=\"async\" class=\"bildstrecke alignright wp-image-700\" src=\"https:\/\/www.celler-kartbahn.com\/website\/wp-content\/uploads\/2018\/07\/001-1.jpg\" alt=\"\" width=\"450\" height=\"300\" \/><\/p>\n","protected":false},"excerpt":{"rendered":"<p>\u00a0 Veranstaltungsraum &nbsp; In unserem Veranstaltungsraum finden bis zu 80 Personen Platz um den spannenden Renntag ausklingen zu lassen. Bei einer Buffetbestellung steht der Raum nat\u00fcrlich kostenfrei zur Verf\u00fcgung. Jederzeit werden Sie von unserem Servicepersonal bedient um den Abend so gem\u00fctlich wie m\u00f6glich zu gestalten. In der Weihnachtszeit ist der Raum nat\u00fcrlich dementsprechend dekoriert und es bleibt keine Weihnachtliche Stimmung verborgen \ud83d\ude42 &nbsp; Hier geht\u2019s zu unserer Buffetauswahl<a class=\"more-link\" href=\"https:\/\/www.celler-kartbahn.com\/website\/der-veranstaltungsraum\/\"><span>Weiter Lesen<\/span><\/a><\/p>\n","protected":false},"author":1,"featured_media":0,"parent":0,"menu_order":0,"comment_status":"closed","ping_status":"closed","template":"","meta":{"footnotes":""},"class_list":["entry","author-team","post-2757","page","type-page","status-publish"],"rttpg_featured_image_url":null,"rttpg_author":{"display_name":"Team","author_link":"https:\/\/www.celler-kartbahn.com\/website\/author\/team\/"},"rttpg_comment":0,"rttpg_category":null,"rttpg_excerpt":"\u00a0 Veranstaltungsraum &nbsp; In unserem Veranstaltungsraum finden bis zu 80 Personen Platz um den spannenden Renntag ausklingen zu lassen. Bei einer Buffetbestellung steht der Raum nat\u00fcrlich kostenfrei zur Verf\u00fcgung. Jederzeit werden Sie von unserem Servicepersonal bedient um den Abend so gem\u00fctlich wie m\u00f6glich zu gestalten. In der Weihnachtszeit ist der Raum nat\u00fcrlich dementsprechend dekoriert und&hellip;","_links":{"self":[{"href":"https:\/\/www.celler-kartbahn.com\/website\/wp-json\/wp\/v2\/pages\/2757","targetHints":{"allow":["GET"]}}],"collection":[{"href":"https:\/\/www.celler-kartbahn.com\/website\/wp-json\/wp\/v2\/pages"}],"about":[{"href":"https:\/\/www.celler-kartbahn.com\/website\/wp-json\/wp\/v2\/types\/page"}],"author":[{"embeddable":true,"href":"https:\/\/www.celler-kartbahn.com\/website\/wp-json\/wp\/v2\/users\/1"}],"replies":[{"embeddable":true,"href":"https:\/\/www.celler-kartbahn.com\/website\/wp-json\/wp\/v2\/comments?post=2757"}],"version-history":[{"count":0,"href":"https:\/\/www.celler-kartbahn.com\/website\/wp-json\/wp\/v2\/pages\/2757\/revisions"}],"wp:attachment":[{"href":"https:\/\/www.celler-kartbahn.com\/website\/wp-json\/wp\/v2\/media?parent=2757"}],"curies":[{"name":"wp","href":"https:\/\/api.w.org\/{rel}","templated":true}]}}