{"id":2983,"date":"2020-02-08T22:15:32","date_gmt":"2020-02-08T21:15:32","guid":{"rendered":"https:\/\/www.celler-kartbahn.com\/website\/?page_id=2983"},"modified":"2024-12-02T13:25:44","modified_gmt":"2024-12-02T12:25:44","slug":"burnout-racingteam","status":"publish","type":"page","link":"https:\/\/www.celler-kartbahn.com\/website\/burnout-racingteam\/","title":{"rendered":"Burnout Racingteam"},"content":{"rendered":"<p><img loading=\"lazy\" decoding=\"async\" class=\"aligncenter wp-image-3655\" src=\"https:\/\/www.celler-kartbahn.com\/website\/wp-content\/uploads\/2024\/11\/RTB-1024x914.jpg\" alt=\"\" width=\"600\" height=\"536\" srcset=\"https:\/\/www.celler-kartbahn.com\/website\/wp-content\/uploads\/2024\/11\/RTB-1024x914.jpg 1024w, https:\/\/www.celler-kartbahn.com\/website\/wp-content\/uploads\/2024\/11\/RTB-300x268.jpg 300w, https:\/\/www.celler-kartbahn.com\/website\/wp-content\/uploads\/2024\/11\/RTB-768x686.jpg 768w, https:\/\/www.celler-kartbahn.com\/website\/wp-content\/uploads\/2024\/11\/RTB-425x379.jpg 425w, https:\/\/www.celler-kartbahn.com\/website\/wp-content\/uploads\/2024\/11\/RTB.jpg 1344w\" sizes=\"auto, (max-width: 600px) 100vw, 600px\" \/><\/p>\n<p style=\"text-align: center;\"><span style=\"text-decoration: underline;\"><strong>RACING TEAM BURNOUT 2024<\/strong><\/span><\/p>\n<p style=\"text-align: center;\">Was 2020 mit 7 Fahrern gestartet wurde, ist nun auf ein Team mit 18 begeisterten Fahrern gewachsen.<br \/>\nAlle Fahrer ( mit der einen oder anderen Ausnahme ) mussten zuerst den &#8222;Kartf\u00fchrerschein&#8220; machen, um in den KKC ( Kinderkartclub ) der Burnout Celler Kartbahn zu kommen. Hier haben sie sich dann durch sehr gute Zeiten und Disziplin, f\u00fcr das &#8222;Racing Team Burnout&#8220; qualifiziert. Ziel \/ Vorhaben 2025 ist, eine eigene Rennserie, auf den verschiedensten Strecken im Norden \/ Osten zu fahren, aber auch die Teilnahme am 24 &#8211; Stunden Rennen in Grimma. Zus\u00e4tzlich kommen dann noch 2 bzw. 4 Stunden Rennen in Celle dazu, wo sich auch sehr gerne andere erfahrene Teams f\u00fcr melden d\u00fcrfen. Wor\u00fcber wir uns aber auch freuen w\u00fcrden, ist der Kontakt zu anderen Racing-Teams von Kartbahnen, vorzugsweise aus unserer Region, aber auch von weiter weg ( wenn sich die Reise lohnt ), um gemeinsam ein Training zu starten und dadurch voneinander zu lernen und Erfahrungen auszutauschen.<br \/>\nDie ersten beiden Highlights 2025 werden die, 2 Stunden-Junioren-Rennen am 08.02.2025 und das 4 Stunden Rennen am 15.02.2025, sein. Hierf\u00fcr k\u00f6nnt ihr euch schon sehr gerne anmelden. Allerdings nicht \u00fcber die Kartbahn, sondern nur \u00fcber die folgende WhatsApp Nummer.<br \/>\nWenn ihr uns mal kennenlernen, oder Info\u00b4s \u00fcber die Rennen haben wollt, meldet euch einfach bei mir:<br \/>\nRacing Team Burnout<br \/>\nAndreas Ulbrich<br \/>\n01575-4347413 oder<br \/>\n<a href=\"mailto:andr.ulbrich@t-online.de\">andr.ulbrich@t-online.de<\/a><\/p>\n<p>&nbsp;<\/p>\n","protected":false},"excerpt":{"rendered":"<p>RACING TEAM BURNOUT 2024 Was 2020 mit 7 Fahrern gestartet wurde, ist nun auf ein Team mit 18 begeisterten Fahrern gewachsen. Alle Fahrer ( mit der einen oder anderen Ausnahme ) mussten zuerst den &#8222;Kartf\u00fchrerschein&#8220; machen, um in den KKC ( Kinderkartclub ) der Burnout Celler Kartbahn zu kommen. Hier haben sie sich dann durch sehr gute Zeiten und Disziplin, f\u00fcr das &#8222;Racing Team Burnout&#8220; qualifiziert. Ziel \/ Vorhaben 2025 ist, eine eigene Rennserie, auf den verschiedensten Strecken im Norden \/ Osten zu fahren, aber auch die Teilnahme am 24 &#8211; Stunden Rennen in Grimma. Zus\u00e4tzlich kommen dann noch 2 bzw. 4 Stunden Rennen in<a class=\"more-link\" href=\"https:\/\/www.celler-kartbahn.com\/website\/burnout-racingteam\/\"><span>Weiter Lesen<\/span><\/a><\/p>\n","protected":false},"author":1,"featured_media":0,"parent":0,"menu_order":0,"comment_status":"closed","ping_status":"closed","template":"","meta":{"footnotes":""},"class_list":["entry","author-team","post-2983","page","type-page","status-publish"],"rttpg_featured_image_url":null,"rttpg_author":{"display_name":"Team","author_link":"https:\/\/www.celler-kartbahn.com\/website\/author\/team\/"},"rttpg_comment":0,"rttpg_category":null,"rttpg_excerpt":"RACING TEAM BURNOUT 2024 Was 2020 mit 7 Fahrern gestartet wurde, ist nun auf ein Team mit 18 begeisterten Fahrern gewachsen. Alle Fahrer ( mit der einen oder anderen Ausnahme ) mussten zuerst den &#8222;Kartf\u00fchrerschein&#8220; machen, um in den KKC ( Kinderkartclub ) der Burnout Celler Kartbahn zu kommen. Hier haben sie sich dann durch&hellip;","_links":{"self":[{"href":"https:\/\/www.celler-kartbahn.com\/website\/wp-json\/wp\/v2\/pages\/2983","targetHints":{"allow":["GET"]}}],"collection":[{"href":"https:\/\/www.celler-kartbahn.com\/website\/wp-json\/wp\/v2\/pages"}],"about":[{"href":"https:\/\/www.celler-kartbahn.com\/website\/wp-json\/wp\/v2\/types\/page"}],"author":[{"embeddable":true,"href":"https:\/\/www.celler-kartbahn.com\/website\/wp-json\/wp\/v2\/users\/1"}],"replies":[{"embeddable":true,"href":"https:\/\/www.celler-kartbahn.com\/website\/wp-json\/wp\/v2\/comments?post=2983"}],"version-history":[{"count":0,"href":"https:\/\/www.celler-kartbahn.com\/website\/wp-json\/wp\/v2\/pages\/2983\/revisions"}],"wp:attachment":[{"href":"https:\/\/www.celler-kartbahn.com\/website\/wp-json\/wp\/v2\/media?parent=2983"}],"curies":[{"name":"wp","href":"https:\/\/api.w.org\/{rel}","templated":true}]}}