{"id":3394,"date":"2023-03-09T21:39:18","date_gmt":"2023-03-09T20:39:18","guid":{"rendered":"https:\/\/www.celler-kartbahn.com\/website\/?page_id=3394"},"modified":"2024-03-12T14:09:00","modified_gmt":"2024-03-12T13:09:00","slug":"onlinebuchungen","status":"publish","type":"page","link":"https:\/\/www.celler-kartbahn.com\/website\/onlinebuchungen\/","title":{"rendered":"Onlinebuchungen"},"content":{"rendered":"<p>Liebe G\u00e4ste,<\/p>\n<p>ihr seid dabei eine verbindliche Buchung zu t\u00e4tigen. Hier k\u00f6nnt ihr ausw\u00e4hlen was ihr bei uns buchen m\u00f6chtet. Bei Fragen oder Planung zur Buchung stehen wir gern per mail oder telefonisch zur Verf\u00fcgung. team@celler-kartbahn.com \/ 05141908650<\/p>\n<hr \/>\n<p><strong><span class='maxbutton-11-container mb-container'><a class=\"maxbutton-11 maxbutton maxbutton-ticketfahrten\" title=\"Ticketfahrten\" href=\"https:\/\/www.celler-kartbahn.com\/website\/buchung\/\"><span class='mb-text'>Ticketfahrten<\/span><\/a><\/span><\/strong><\/p>\n<p>Buchung f\u00fcr Einzeltickets\/Ticketfahrten, sowie f\u00fcr unsere Angebote 3f\u00fc2 \/ 5f\u00fcr3 \/ oder das Freitagsspecial<\/p>\n<hr \/>\n<p><strong><a class=\"maxbutton-12 maxbutton maxbutton-kinderangebote\" title=\"Kinderangebote\" href=\"https:\/\/www.celler-kartbahn.com\/website\/buchung-kidsparty\/\"><span class='mb-text'>Kinderangebote<\/span><\/a><\/strong><\/p>\n<p>Buchung f\u00fcr\u00a0 Kidsparty`s und Kindergeburtstage \/ Kinder oder Jugendmannschaften uvm.<\/p>\n<hr \/>\n<p><strong><a class=\"maxbutton-13 maxbutton maxbutton-supercup-rennen\" title=\"Supercup \/ Rennen\" href=\"https:\/\/www.celler-kartbahn.com\/website\/buchung-supercup-rennen-race\/\"><span class='mb-text'>Supercup \/ Rennen<\/span><\/a><\/strong><\/p>\n<p>Buchung f\u00fcr Rennen \/ Supercups<\/p>\n<hr \/>\n<p><strong><a class=\"maxbutton-14 maxbutton maxbutton-bahnmiete\" title=\"Bahnmiete\" href=\"https:\/\/www.celler-kartbahn.com\/website\/buchung-firmen-gruppenevents-bahnmieten\/\"><span class='mb-text'>Bahnmiete<\/span><\/a><\/strong><\/p>\n<p>Buchung f\u00fcr Firmen \/ Gruppenevents<\/p>\n<hr \/>\n<p><strong><a class=\"maxbutton-15 maxbutton maxbutton-schulklassen\" title=\"Schulklassen\" href=\"https:\/\/www.celler-kartbahn.com\/website\/buchung-schulklassenevents\/\"><span class='mb-text'>Schulklassen<\/span><\/a><\/strong><\/p>\n<p>Buchung f\u00fcr Schulklassenevents<\/p>\n<hr \/>\n<p><strong><a class=\"maxbutton-16 maxbutton maxbutton-fuhrerschein\" title=\"F\u00fchrerschein\" href=\"https:\/\/www.celler-kartbahn.com\/website\/buchung-kinderkartfuehrerschein\/\"><span class='mb-text'>F\u00fchrerschein<\/span><\/a><\/strong><\/p>\n<p>Buchung f\u00fcr den Kinderkartf\u00fchrerschein<\/p>\n<hr \/>\n<p><strong><a class=\"maxbutton-17 maxbutton maxbutton-events\" title=\"Events\" href=\"https:\/\/www.celler-kartbahn.com\/website\/buchung-flatratefahren\/\"><span class='mb-text'>Events<\/span><\/a><\/strong><\/p>\n<p>Buchung f\u00fcr Veranstaltungen wie z.B. Flatratefahren \/ Nightrace \/ Driftrace etc.<\/p>\n<hr \/>\n<p><strong><a class=\"maxbutton-18 maxbutton maxbutton-buffet\" title=\"Buffet\" href=\"https:\/\/www.celler-kartbahn.com\/website\/buchung-buffet\/\"><span class='mb-text'>Buffet<\/span><\/a><\/strong><\/p>\n<p>Buchung f\u00fcr ein Buffet (m\u00f6glich ab 20 Personen)<\/p>\n<hr \/>\n<p>&nbsp;<\/p>\n","protected":false},"excerpt":{"rendered":"<p>Liebe G\u00e4ste, ihr seid dabei eine verbindliche Buchung zu t\u00e4tigen. Hier k\u00f6nnt ihr ausw\u00e4hlen was ihr bei uns buchen m\u00f6chtet. Bei Fragen oder Planung zur Buchung stehen wir gern per mail oder telefonisch zur Verf\u00fcgung. team@celler-kartbahn.com \/ 05141908650 Buchung f\u00fcr Einzeltickets\/Ticketfahrten, sowie f\u00fcr unsere Angebote 3f\u00fc2 \/ 5f\u00fcr3 \/ oder das Freitagsspecial Buchung f\u00fcr\u00a0 Kidsparty`s und Kindergeburtstage \/ Kinder oder Jugendmannschaften uvm. Buchung f\u00fcr Rennen \/ Supercups Buchung f\u00fcr Firmen \/ Gruppenevents Buchung f\u00fcr Schulklassenevents Buchung f\u00fcr den Kinderkartf\u00fchrerschein Buchung f\u00fcr Veranstaltungen wie z.B. Flatratefahren \/ Nightrace \/ Driftrace etc. Buchung f\u00fcr ein Buffet (m\u00f6glich ab 20 Personen) &nbsp;<a class=\"more-link\" href=\"https:\/\/www.celler-kartbahn.com\/website\/onlinebuchungen\/\"><span>Weiter Lesen<\/span><\/a><\/p>\n","protected":false},"author":1,"featured_media":0,"parent":0,"menu_order":0,"comment_status":"closed","ping_status":"closed","template":"","meta":{"footnotes":""},"class_list":["entry","author-team","post-3394","page","type-page","status-publish"],"rttpg_featured_image_url":null,"rttpg_author":{"display_name":"Team","author_link":"https:\/\/www.celler-kartbahn.com\/website\/author\/team\/"},"rttpg_comment":0,"rttpg_category":null,"rttpg_excerpt":"Liebe G\u00e4ste, ihr seid dabei eine verbindliche Buchung zu t\u00e4tigen. Hier k\u00f6nnt ihr ausw\u00e4hlen was ihr bei uns buchen m\u00f6chtet. Bei Fragen oder Planung zur Buchung stehen wir gern per mail oder telefonisch zur Verf\u00fcgung. team@celler-kartbahn.com \/ 05141908650 Buchung f\u00fcr Einzeltickets\/Ticketfahrten, sowie f\u00fcr unsere Angebote 3f\u00fc2 \/ 5f\u00fcr3 \/ oder das Freitagsspecial Buchung f\u00fcr\u00a0 Kidsparty`s&hellip;","_links":{"self":[{"href":"https:\/\/www.celler-kartbahn.com\/website\/wp-json\/wp\/v2\/pages\/3394","targetHints":{"allow":["GET"]}}],"collection":[{"href":"https:\/\/www.celler-kartbahn.com\/website\/wp-json\/wp\/v2\/pages"}],"about":[{"href":"https:\/\/www.celler-kartbahn.com\/website\/wp-json\/wp\/v2\/types\/page"}],"author":[{"embeddable":true,"href":"https:\/\/www.celler-kartbahn.com\/website\/wp-json\/wp\/v2\/users\/1"}],"replies":[{"embeddable":true,"href":"https:\/\/www.celler-kartbahn.com\/website\/wp-json\/wp\/v2\/comments?post=3394"}],"version-history":[{"count":0,"href":"https:\/\/www.celler-kartbahn.com\/website\/wp-json\/wp\/v2\/pages\/3394\/revisions"}],"wp:attachment":[{"href":"https:\/\/www.celler-kartbahn.com\/website\/wp-json\/wp\/v2\/media?parent=3394"}],"curies":[{"name":"wp","href":"https:\/\/api.w.org\/{rel}","templated":true}]}}