{"id":425,"date":"2017-11-21T18:20:25","date_gmt":"2017-11-21T17:20:25","guid":{"rendered":"https:\/\/www.celler-kartbahn.com\/website\/?page_id=425"},"modified":"2025-04-01T10:39:20","modified_gmt":"2025-04-01T08:39:20","slug":"mi-do","status":"publish","type":"page","link":"https:\/\/www.celler-kartbahn.com\/website\/mi-do\/","title":{"rendered":"Di. \/ Mi. \/ Do. \/ Fr."},"content":{"rendered":"<p><span style=\"font-size: 24px;\"><span style=\"color: #ff0000;\">Dienstag<\/span> \/\u00a0<span style=\"color: #ff0000;\">Mittwoch<\/span> \/ <span style=\"color: #ff0000;\">Donnerstag<\/span><\/span><\/p>\n<p>An diesen Tagen bekommst du entweder 3 Tickets zum Preis von 2, oder 5 Tickets zum Preis von 3.<\/p>\n<table style=\"height: 263px;\" width=\"576\">\n<thead>\n<tr>\n<td style=\"width: 210px; text-align: center; vertical-align: middle;\">\n<pre class=\" loop-title\" style=\"text-align: center;\"><span style=\"font-family: Exo,helvetica,sans-serif;\"><span style=\"font-size: 20px;\">Fahrten<\/span>\r\n <\/span><\/pre>\n<\/td>\n<td style=\"width: 210px; text-align: center; vertical-align: middle;\">\n<pre class=\" loop-title\" style=\"text-align: center;\"><span style=\"font-family: Exo,helvetica,sans-serif;\"><span style=\"font-size: 20px;\">f\u00fcr Erw.<\/span>\r\n<span style=\"font-size: 20px;\">ab 16 Jahren<\/span><\/span><\/pre>\n<\/td>\n<td style=\"width: 210px; text-align: center; vertical-align: middle;\">\n<pre class=\" loop-title\" style=\"text-align: center;\"><span style=\"font-family: Exo,helvetica,sans-serif;\"><span style=\"font-size: 20px;\">f\u00fcr Kids <\/span>\r\n<span style=\"font-size: 20px;\">von 8 \u2013 15 Jahren<\/span><\/span><\/pre>\n<\/td>\n<\/tr>\n<\/thead>\n<tbody>\n<tr>\n<td style=\"width: 99.15px; text-align: center;\"><span style=\"font-family: arial,helvetica,sans-serif;\">3 f\u00fcr 2, 3x 10min.<\/span><\/td>\n<td style=\"width: 210.417px; text-align: center;\"><span style=\"font-family: arial,helvetica,sans-serif;\">27 \u20ac p.P.<\/span><\/td>\n<td style=\"width: 247.1px; text-align: center;\"><span style=\"font-family: arial,helvetica,sans-serif;\">24 \u20ac p.P.<\/span><\/td>\n<\/tr>\n<tr>\n<td style=\"width: 99.15px; text-align: center;\"><span style=\"font-family: arial,helvetica,sans-serif;\">5 f\u00fcr 3, 5x 10min.<\/span><\/td>\n<td style=\"width: 210.417px; text-align: center;\"><span style=\"font-family: arial,helvetica,sans-serif;\">39 \u20ac p.P.<\/span><\/td>\n<td style=\"width: 247.1px; text-align: center;\"><span style=\"font-family: arial,helvetica,sans-serif;\">33 \u20ac p.P.<\/span><\/td>\n<\/tr>\n<\/tbody>\n<\/table>\n<p><span style=\"font-size: 12px;\">*Preise pro Person (Tickets sind nicht \u00fcbertragbar und m\u00fcssen am Kaufdatum verfahren werden)<\/span><\/p>\n<p>&nbsp;<\/p>\n<p><span style=\"font-size: 24px; color: #ff0000;\">Freitag<\/span><br \/>\n<span style=\"font-size: 14px;\">je \u00f6fter, desto g\u00fcnstiger<\/span><\/p>\n<table style=\"height: 263px;\" width=\"576\">\n<thead>\n<tr>\n<td style=\"width: 210px; text-align: center; vertical-align: middle;\">\n<pre class=\" loop-title\" style=\"text-align: center;\"><span style=\"font-family: Exo,helvetica,sans-serif;\"><span style=\"font-size: 20px;\">Fahrten<\/span>\r\n <\/span><\/pre>\n<\/td>\n<td style=\"width: 210px; text-align: center; vertical-align: middle;\">\n<pre class=\" loop-title\" style=\"text-align: center;\"><span style=\"font-family: Exo,helvetica,sans-serif;\"><span style=\"font-size: 20px;\">f\u00fcr Erw.<\/span>\r\n<span style=\"font-size: 20px;\">ab 16 Jahren<\/span><\/span><\/pre>\n<\/td>\n<td style=\"width: 210px; text-align: center; vertical-align: middle;\">\n<pre class=\" loop-title\" style=\"text-align: center;\"><span style=\"font-family: Exo,helvetica,sans-serif;\"><span style=\"font-size: 20px;\">f\u00fcr Kids <\/span>\r\n<span style=\"font-size: 20px;\">von 8 \u2013 15 Jahren<\/span><\/span><\/pre>\n<\/td>\n<\/tr>\n<\/thead>\n<tbody>\n<tr>\n<td style=\"width: 99.15px; text-align: center;\"><span style=\"font-family: arial,helvetica,sans-serif;\">1 x 10 Min<\/span><\/td>\n<td style=\"width: 210.417px; text-align: center;\"><span style=\"font-family: arial,helvetica,sans-serif;\">13 \u20ac<\/span><\/td>\n<td style=\"width: 247.1px; text-align: center;\"><span style=\"font-family: arial,helvetica,sans-serif;\">11 \u20ac<\/span><\/td>\n<\/tr>\n<tr>\n<td style=\"width: 99.15px; text-align: center;\"><span style=\"font-family: arial,helvetica,sans-serif;\">2 x 10 Min<\/span><\/td>\n<td style=\"width: 210.417px; text-align: center;\"><span style=\"font-family: arial,helvetica,sans-serif;\">22 \u20ac<\/span><\/td>\n<td style=\"width: 247.1px; text-align: center;\"><span style=\"font-family: arial,helvetica,sans-serif;\">19 \u20ac<\/span><\/td>\n<\/tr>\n<tr>\n<td style=\"width: 99.15px; text-align: center;\"><span style=\"font-family: arial,helvetica,sans-serif;\">3 x 10 Min<\/span><\/td>\n<td style=\"width: 210.417px; text-align: center;\"><span style=\"font-family: arial,helvetica,sans-serif;\">30 \u20ac<\/span><\/td>\n<td style=\"width: 247.1px; text-align: center;\"><span style=\"font-family: arial,helvetica,sans-serif;\">26 \u20ac<\/span><\/td>\n<\/tr>\n<tr>\n<td style=\"width: 99.15px; text-align: center;\"><span style=\"font-family: arial,helvetica,sans-serif;\">4 x 10 Min<\/span><\/td>\n<td style=\"width: 210.417px; text-align: center;\"><span style=\"font-family: arial,helvetica,sans-serif;\">37 \u20ac<\/span><\/td>\n<td style=\"width: 247.1px; text-align: center;\"><span style=\"font-family: arial,helvetica,sans-serif;\">32 \u20ac<\/span><\/td>\n<\/tr>\n<tr>\n<td style=\"width: 99.15px; text-align: center;\"><span style=\"font-family: arial,helvetica,sans-serif;\">5 x 10 Min<\/span><\/td>\n<td style=\"width: 210.417px; text-align: center;\"><span style=\"font-family: arial,helvetica,sans-serif;\">43 \u20ac<\/span><\/td>\n<td style=\"width: 247.1px; text-align: center;\"><span style=\"font-family: arial,helvetica,sans-serif;\">36 \u20ac<\/span><\/td>\n<\/tr>\n<tr>\n<td style=\"width: 99.15px; text-align: center;\">jede weiteren 10min.<\/td>\n<td style=\"width: 210.417px; text-align: center;\"><span style=\"font-family: arial, helvetica, sans-serif;\">\u00a0 7 \u20ac<\/span><\/td>\n<td style=\"width: 247.1px; text-align: center;\">\u00a0 6 \u20ac<\/td>\n<\/tr>\n<\/tbody>\n<\/table>\n<p><span style=\"font-size: 12px;\">*Preise pro Person (Tickets sind nicht \u00fcbertragbar und m\u00fcssen am Kaufdatum verfahren werden)<\/span><\/p>\n","protected":false},"excerpt":{"rendered":"<p>Dienstag \/\u00a0Mittwoch \/ Donnerstag An diesen Tagen bekommst du entweder 3 Tickets zum Preis von 2, oder 5 Tickets zum Preis von 3. Fahrten f\u00fcr Erw. ab 16 Jahren f\u00fcr Kids von 8 \u2013 15 Jahren 3 f\u00fcr 2, 3x 10min. 27 \u20ac p.P. 24 \u20ac p.P. 5 f\u00fcr 3, 5x 10min. 39 \u20ac p.P. 33 \u20ac p.P. *Preise pro Person (Tickets sind nicht \u00fcbertragbar und m\u00fcssen am Kaufdatum verfahren werden) &nbsp; Freitag je \u00f6fter, desto g\u00fcnstiger Fahrten f\u00fcr Erw. ab 16 Jahren f\u00fcr Kids von 8 \u2013 15 Jahren 1 x 10 Min 13 \u20ac 11 \u20ac 2 x 10 Min 22 \u20ac 19<a class=\"more-link\" href=\"https:\/\/www.celler-kartbahn.com\/website\/mi-do\/\"><span>Weiter Lesen<\/span><\/a><\/p>\n","protected":false},"author":1,"featured_media":0,"parent":0,"menu_order":0,"comment_status":"closed","ping_status":"closed","template":"","meta":{"footnotes":""},"class_list":["entry","author-team","post-425","page","type-page","status-publish"],"rttpg_featured_image_url":null,"rttpg_author":{"display_name":"Team","author_link":"https:\/\/www.celler-kartbahn.com\/website\/author\/team\/"},"rttpg_comment":0,"rttpg_category":null,"rttpg_excerpt":"Dienstag \/\u00a0Mittwoch \/ Donnerstag An diesen Tagen bekommst du entweder 3 Tickets zum Preis von 2, oder 5 Tickets zum Preis von 3. Fahrten f\u00fcr Erw. ab 16 Jahren f\u00fcr Kids von 8 \u2013 15 Jahren 3 f\u00fcr 2, 3x 10min. 27 \u20ac p.P. 24 \u20ac p.P. 5 f\u00fcr 3, 5x 10min. 39 \u20ac p.P.&hellip;","_links":{"self":[{"href":"https:\/\/www.celler-kartbahn.com\/website\/wp-json\/wp\/v2\/pages\/425","targetHints":{"allow":["GET"]}}],"collection":[{"href":"https:\/\/www.celler-kartbahn.com\/website\/wp-json\/wp\/v2\/pages"}],"about":[{"href":"https:\/\/www.celler-kartbahn.com\/website\/wp-json\/wp\/v2\/types\/page"}],"author":[{"embeddable":true,"href":"https:\/\/www.celler-kartbahn.com\/website\/wp-json\/wp\/v2\/users\/1"}],"replies":[{"embeddable":true,"href":"https:\/\/www.celler-kartbahn.com\/website\/wp-json\/wp\/v2\/comments?post=425"}],"version-history":[{"count":0,"href":"https:\/\/www.celler-kartbahn.com\/website\/wp-json\/wp\/v2\/pages\/425\/revisions"}],"wp:attachment":[{"href":"https:\/\/www.celler-kartbahn.com\/website\/wp-json\/wp\/v2\/media?parent=425"}],"curies":[{"name":"wp","href":"https:\/\/api.w.org\/{rel}","templated":true}]}}