{"id":476,"date":"2017-12-01T11:02:49","date_gmt":"2017-12-01T10:02:49","guid":{"rendered":"https:\/\/www.celler-kartbahn.com\/website\/?page_id=476"},"modified":"2025-03-29T13:08:35","modified_gmt":"2025-03-29T12:08:35","slug":"schulklassenangebote","status":"publish","type":"page","link":"https:\/\/www.celler-kartbahn.com\/website\/schulklassenangebote\/","title":{"rendered":"Schulklassenangebote"},"content":{"rendered":"<p><img loading=\"lazy\" decoding=\"async\" class=\"size-full wp-image-477 alignleft\" src=\"https:\/\/www.celler-kartbahn.com\/website\/wp-content\/uploads\/2017\/12\/tafel.png\" alt=\"\" width=\"376\" height=\"320\" srcset=\"https:\/\/www.celler-kartbahn.com\/website\/wp-content\/uploads\/2017\/12\/tafel.png 376w, https:\/\/www.celler-kartbahn.com\/website\/wp-content\/uploads\/2017\/12\/tafel-300x255.png 300w\" sizes=\"auto, (max-width: 376px) 100vw, 376px\" \/><\/p>\n<p>&nbsp;<\/p>\n<p>Liebe Lehrer\/in und Sch\u00fcler\/in,<\/p>\n<p>wir bieten Unterricht mal anders\u2026<\/p>\n<p>Das Team der Burnout Celler-Kartbahn bietet f\u00fcr Schulklassen spezielle Angebote an. Hier heist es Vollgas geben und nicht nur das, auch der Zusammenhalt der Klasse wird gef\u00f6rdert. Fairness und Ordnung mit gleichzeitigem Spa\u00dffaktor ist unser Ziel. Der Schulklassenbesuch bei uns beginnt damit das wir euch nach der Begr\u00fc\u00dfung in Fahrergruppen aufteilen. Die Gruppengr\u00f6\u00dfen h\u00e4ngen von der Teilnehmeranzahl ab. In der Regel sind in einer Gruppe 10-15 Fahrer\/in (gern werden hier nat\u00fcrlich w\u00fcnsche, wie &#8222;wer m\u00f6chte gern mit wem zusammen fahren&#8220; ber\u00fccksichtigt). Dann wird jede Gruppe nach und nach eingecheckt und wir starten dann pro Gruppe die Einweisung. Die Dauer der Veranstaltung h\u00e4ngt von der Teilnehmeranzahl ab. In der Regel bei ca. 30 Sch\u00fcler\/in wird dies inkl. der 30min. vorher eintreffen ca. (Angebot 1: 2Std.\/Angebot 2: 2,5-3 Std.) dauern. Wir freuen uns auf eure Anfrage!<\/p>\n<p><span style=\"color: #ff0000;\">Achtung, Angebote g\u00fcltig ab 20 Personen von Montag \u2013 Freitag auch Vormittag m\u00f6glich!<\/span><\/p>\n<p>&nbsp;<\/p>\n<p>&nbsp;<\/p>\n<p>&nbsp;<\/p>\n<p>&nbsp;<\/p>\n<p><span style=\"text-decoration: underline; font-size: 20px; color: #ff0000;\">Angebot 1 f\u00fcr 20,- \u20ac p.P.(20min. Fahrzeit pro Teilnehmer):<\/span><\/p>\n<p>&#8211; Registrierung der Fahrer<br \/>\n&#8211; Sturmhaube<br \/>\n&#8211; Einweisung f\u00fcr Kart\/Strecke\/Regeln<br \/>\n&#8211; 2x 10min auf Bestzeit pro Gruppe<\/p>\n<p><span style=\"text-decoration: underline; font-size: 20px; color: #ff0000;\">Angebot 2 f\u00fcr 25,- \u20ac p.P. (30min. Fahrzeit pro Teilnehmer):<\/span><\/p>\n<p>&#8211; Registrierung der Fahrer<br \/>\n&#8211; Sturmhaube<br \/>\n&#8211; Einweisung f\u00fcr Kart\/Strecke\/Regeln<br \/>\n&#8211; 3x 10min. auf Bestzeit pro Gruppe<br \/>\n&#8211; 1 Softgetr\u00e4nk 0,2l pro Teilnehmer<\/p>\n<p>*Nat\u00fcrlich k\u00f6nnen die Lehrkr\u00e4fte gern zu den gleichen Konditionen Teilnehmen.<\/p>\n<p>Solltet Ihr mit dem Zug anreisen, so ist es ein Fu\u00dfweg von max. 20min vom Bahnhof bis zu uns.<\/p>\n<p>M\u00f6chten Sie ein noch gr\u00f6\u00dferes Event, so sprechen Sie uns an oder verwenden Sie unsere Angebote unter Firmenevents.<\/p>\n<p>&#8211; Terminanfrage unter: team@celler-kartbahn.com oder 05141 \/ 90 86 50<\/p>\n<p>Liebe Lehrer,<br \/>\nLiebe Sch\u00fcler,<\/p>\n<p>wir wissen das manche Schulklassen eine etwas weitere Anreise haben und dadurch Lunchpakete mitf\u00fchren.<br \/>\nBitte beachtet aber das durch unser Bistro eigene Getr\u00e4nke und Speisen nicht gestattet sind! Diese also somit bitte innerhalb des Gel\u00e4ndes in den Taschen lassen.<br \/>\nWir haben f\u00fcr Schulklassen extra Getr\u00e4nkepreise: ein Glas Softdrink f\u00fcr 1,50 \u20ac oder auch bei warmen Wetter ist Eis f\u00fcr den kleinen Geldbeutel vorhanden. Deshalb empfehlen wir ein klein wenig Taschengeld mitzubringen.<\/p>\n<p>Vielen Dank f\u00fcr euer Verst\u00e4ndnis.<\/p>\n<p>&nbsp;<\/p>\n","protected":false},"excerpt":{"rendered":"<p>&nbsp; Liebe Lehrer\/in und Sch\u00fcler\/in, wir bieten Unterricht mal anders\u2026 Das Team der Burnout Celler-Kartbahn bietet f\u00fcr Schulklassen spezielle Angebote an. Hier heist es Vollgas geben und nicht nur das, auch der Zusammenhalt der Klasse wird gef\u00f6rdert. Fairness und Ordnung mit gleichzeitigem Spa\u00dffaktor ist unser Ziel. Der Schulklassenbesuch bei uns beginnt damit das wir euch nach der Begr\u00fc\u00dfung in Fahrergruppen aufteilen. Die Gruppengr\u00f6\u00dfen h\u00e4ngen von der Teilnehmeranzahl ab. In der Regel sind in einer Gruppe 10-15 Fahrer\/in (gern werden hier nat\u00fcrlich w\u00fcnsche, wie &#8222;wer m\u00f6chte gern mit wem zusammen fahren&#8220; ber\u00fccksichtigt). Dann wird jede Gruppe nach und nach eingecheckt und wir starten dann pro Gruppe<a class=\"more-link\" href=\"https:\/\/www.celler-kartbahn.com\/website\/schulklassenangebote\/\"><span>Weiter Lesen<\/span><\/a><\/p>\n","protected":false},"author":1,"featured_media":0,"parent":0,"menu_order":0,"comment_status":"closed","ping_status":"closed","template":"","meta":{"footnotes":""},"class_list":["entry","author-team","post-476","page","type-page","status-publish"],"rttpg_featured_image_url":null,"rttpg_author":{"display_name":"Team","author_link":"https:\/\/www.celler-kartbahn.com\/website\/author\/team\/"},"rttpg_comment":0,"rttpg_category":null,"rttpg_excerpt":"&nbsp; Liebe Lehrer\/in und Sch\u00fcler\/in, wir bieten Unterricht mal anders\u2026 Das Team der Burnout Celler-Kartbahn bietet f\u00fcr Schulklassen spezielle Angebote an. Hier heist es Vollgas geben und nicht nur das, auch der Zusammenhalt der Klasse wird gef\u00f6rdert. Fairness und Ordnung mit gleichzeitigem Spa\u00dffaktor ist unser Ziel. Der Schulklassenbesuch bei uns beginnt damit das wir euch&hellip;","_links":{"self":[{"href":"https:\/\/www.celler-kartbahn.com\/website\/wp-json\/wp\/v2\/pages\/476","targetHints":{"allow":["GET"]}}],"collection":[{"href":"https:\/\/www.celler-kartbahn.com\/website\/wp-json\/wp\/v2\/pages"}],"about":[{"href":"https:\/\/www.celler-kartbahn.com\/website\/wp-json\/wp\/v2\/types\/page"}],"author":[{"embeddable":true,"href":"https:\/\/www.celler-kartbahn.com\/website\/wp-json\/wp\/v2\/users\/1"}],"replies":[{"embeddable":true,"href":"https:\/\/www.celler-kartbahn.com\/website\/wp-json\/wp\/v2\/comments?post=476"}],"version-history":[{"count":0,"href":"https:\/\/www.celler-kartbahn.com\/website\/wp-json\/wp\/v2\/pages\/476\/revisions"}],"wp:attachment":[{"href":"https:\/\/www.celler-kartbahn.com\/website\/wp-json\/wp\/v2\/media?parent=476"}],"curies":[{"name":"wp","href":"https:\/\/api.w.org\/{rel}","templated":true}]}}