{"id":486,"date":"2017-12-01T18:42:45","date_gmt":"2017-12-01T17:42:45","guid":{"rendered":"https:\/\/www.celler-kartbahn.com\/website\/?page_id=486"},"modified":"2018-02-11T16:48:10","modified_gmt":"2018-02-11T15:48:10","slug":"ablauf","status":"publish","type":"page","link":"https:\/\/www.celler-kartbahn.com\/website\/ablauf\/","title":{"rendered":"Ablauf zur Kartparty"},"content":{"rendered":"<div id=\"frontpage-area_e\" class=\" frontpage-area module-bg-none\">\n<div class=\"hgrid\">\n<div id=\"frontpage-area_e_1\" class=\"hgrid-span-4\">\n<section id=\"hoot-vcards-widget-3\" class=\"widget widget_hoot-vcards-widget\" style=\"margin-top: 1px; margin-bottom: 1px;\">\n<div class=\"vcards-widget-wrap topborder-none\">\n<div class=\"vcards-widget-box bottomborder-none\">\n<div class=\"vcards-widget\" style=\"margin-top: 1px; margin-bottom: 1px;\">\n<div class=\"flush-columns\">\n<div class=\"vcard-row\">\n<div class=\"vcard-column hcolumn-1-1 vcard-1\">\n<div class=\"vcard\">\n<div class=\"vcard-visual vcard-image\"><img decoding=\"async\" class=\"vcard-img\" src=\"https:\/\/www.celler-kartbahn.com\/website\/wp-content\/uploads\/2017\/12\/010a.jpg\" alt=\"vCard Image\" \/><\/div>\n<div class=\"vcard-content vcard-content-hasimage\">\n<h4>Registrierung<\/h4>\n<p style=\"text-align: left;\"><cite><br \/>\nDer Ablauf des Kindergeburtstages f\u00e4ngt damit an, dass alle Kids sobald Sie eingetroffen sind und wir Sie begr\u00fc\u00dft haben, sich bei uns registrieren<br \/>\n(au\u00dfer Sie sind bereits registriert).<br \/>\n<\/cite><\/p>\n<\/div>\n<div class=\"vcard-links social-icons-widget social-icons-small\">\n<div class=\"vcard-link\"><\/div>\n<div class=\"vcard-link\"><\/div>\n<\/div>\n<\/div>\n<\/div>\n<\/div>\n<\/div>\n<\/div>\n<\/div>\n<\/div>\n<\/section>\n<\/div>\n<div id=\"frontpage-area_e_2\" class=\"hgrid-span-4\">\n<section id=\"hoot-vcards-widget-3\" class=\"widget widget_hoot-vcards-widget\" style=\"margin-top: 1px; margin-bottom: 1px;\">\n<div class=\"vcards-widget-wrap topborder-none\">\n<div class=\"vcards-widget-box bottomborder-none\">\n<div class=\"vcards-widget\" style=\"margin-top: 1px; margin-bottom: 1px;\">\n<div class=\"flush-columns\">\n<div class=\"vcard-row\">\n<div class=\"vcard-column hcolumn-1-1 vcard-1\">\n<div class=\"vcard\">\n<div class=\"vcard-visual vcard-image\"><img decoding=\"async\" class=\"vcard-img\" src=\"https:\/\/www.celler-kartbahn.com\/website\/wp-content\/uploads\/2017\/12\/063a.jpg\" alt=\"vCard Image\" \/><\/div>\n<div class=\"vcard-content vcard-content-hasimage\">\n<h4>Zum Bistro<\/h4>\n<p style=\"text-align: left;\"><cite><br \/>\nHiernach wird euch der vorbereitete eingedeckte Tisch gezeigt wo Ihr vor und zwischen den Fahrten die Zeit verweilen k\u00f6nnt. Von hier aus k\u00f6nnen die Kids \u00fcber Livemonitore den Rennablauf auf der Strecke verfolgen.<br \/>\n<\/cite><\/p>\n<\/div>\n<div class=\"vcard-links social-icons-widget social-icons-small\">\n<div class=\"vcard-link\"><\/div>\n<div class=\"vcard-link\"><\/div>\n<\/div>\n<\/div>\n<\/div>\n<\/div>\n<\/div>\n<\/div>\n<\/div>\n<\/div>\n<\/section>\n<\/div>\n<div id=\"frontpage-area_e_2\" class=\"hgrid-span-4\">\n<section id=\"hoot-vcards-widget-3\" class=\"widget widget_hoot-vcards-widget\" style=\"margin-top: 1px; margin-bottom: 1px;\">\n<div class=\"vcards-widget-wrap topborder-none\">\n<div class=\"vcards-widget-box bottomborder-none\">\n<div class=\"vcards-widget\" style=\"margin-top: 1px; margin-bottom: 1px;\">\n<div class=\"flush-columns\">\n<div class=\"vcard-row\">\n<div class=\"vcard-column hcolumn-1-1 vcard-1\">\n<div class=\"vcard\">\n<div class=\"vcard-visual vcard-image\"><img decoding=\"async\" class=\"vcard-img\" src=\"https:\/\/www.celler-kartbahn.com\/website\/wp-content\/uploads\/2017\/12\/017a.jpg\" alt=\"vCard Image\" \/><\/div>\n<div class=\"vcard-content vcard-content-hasimage\">\n<h4>Einweisung<\/h4>\n<p style=\"text-align: left;\"><cite><br \/>\nBevor es dann an den Start geht, werden die Sturmhauben verteilt und es geht los in den Einweisungsraum wo den Kids alles ausf\u00fchrlich erkl\u00e4rt wird wie die Bedienung des Karts, sowie Regeln und Flaggenkunde auf der Strecke sind!<br \/>\n<\/cite><\/p>\n<\/div>\n<div class=\"vcard-links social-icons-widget social-icons-small\">\n<div class=\"vcard-link\"><\/div>\n<div class=\"vcard-link\"><\/div>\n<\/div>\n<\/div>\n<\/div>\n<\/div>\n<\/div>\n<\/div>\n<\/div>\n<\/div>\n<\/section>\n<\/div>\n<\/div>\n<\/div>\n<p><\/p>\n<div id=\"frontpage-area_e\" class=\" frontpage-area module-bg-none\">\n<div class=\"hgrid\">\n<div id=\"frontpage-area_e_1\" class=\"hgrid-span-4\">\n<section id=\"hoot-vcards-widget-3\" class=\"widget widget_hoot-vcards-widget\" style=\"margin-top: 1px; margin-bottom: 1px;\">\n<div class=\"vcards-widget-wrap topborder-none\">\n<div class=\"vcards-widget-box bottomborder-none\">\n<div class=\"vcards-widget\" style=\"margin-top: 1px; margin-bottom: 1px;\">\n<div class=\"flush-columns\">\n<div class=\"vcard-row\">\n<div class=\"vcard-column hcolumn-1-1 vcard-1\">\n<div class=\"vcard\">\n<div class=\"vcard-visual vcard-image\"><img decoding=\"async\" class=\"vcard-img\" src=\"https:\/\/www.celler-kartbahn.com\/website\/wp-content\/uploads\/2017\/12\/027a.jpg\" alt=\"vCard Image\" \/><\/div>\n<div class=\"vcard-content vcard-content-hasimage\">\n<h4>Zur Rennstrecke<\/h4>\n<p style=\"text-align: left;\"><cite><br \/>\nNun geht es f\u00fcr die Kids auf die Rennstrecke wo Sie exklusiv unter sich fahren, ohne andere Teilnehmer.<br \/>&nbsp;<br \/>\n<\/cite><\/p>\n<\/div>\n<div class=\"vcard-links social-icons-widget social-icons-small\">\n<div class=\"vcard-link\"><\/div>\n<div class=\"vcard-link\"><\/div>\n<\/div>\n<\/div>\n<\/div>\n<\/div>\n<\/div>\n<\/div>\n<\/div>\n<\/div>\n<\/section>\n<\/div>\n<div id=\"frontpage-area_e_2\" class=\"hgrid-span-4\">\n<section id=\"hoot-vcards-widget-3\" class=\"widget widget_hoot-vcards-widget\" style=\"margin-top: 1px; margin-bottom: 1px;\">\n<div class=\"vcards-widget-wrap topborder-none\">\n<div class=\"vcards-widget-box bottomborder-none\">\n<div class=\"vcards-widget\" style=\"margin-top: 1px; margin-bottom: 1px;\">\n<div class=\"flush-columns\">\n<div class=\"vcard-row\">\n<div class=\"vcard-column hcolumn-1-1 vcard-1\">\n<div class=\"vcard\">\n<div class=\"vcard-visual vcard-image\"><img decoding=\"async\" class=\"vcard-img\" src=\"https:\/\/www.celler-kartbahn.com\/website\/wp-content\/uploads\/2017\/12\/060a.jpg\" alt=\"vCard Image\" \/><\/div>\n<div class=\"vcard-content vcard-content-hasimage\">\n<h4>Pause<\/h4>\n<p style=\"text-align: left;\"><cite><br \/>\nNach jeder Fahrt ist eine Pause von ca. 20 \u2013 max. 30 Minuten einzuplanen. Diese dient zum ausruhen, Rennresultate einzusehen und etwas trinken und knabbern\/naschen!<br \/>\n<\/cite><\/p>\n<\/div>\n<div class=\"vcard-links social-icons-widget social-icons-small\">\n<div class=\"vcard-link\"><\/div>\n<div class=\"vcard-link\"><\/div>\n<\/div>\n<\/div>\n<\/div>\n<\/div>\n<\/div>\n<\/div>\n<\/div>\n<\/div>\n<\/section>\n<\/div>\n<div id=\"frontpage-area_e_2\" class=\"hgrid-span-4\">\n<section id=\"hoot-vcards-widget-3\" class=\"widget widget_hoot-vcards-widget\" style=\"margin-top: 1px; margin-bottom: 1px;\">\n<div class=\"vcards-widget-wrap topborder-none\">\n<div class=\"vcards-widget-box bottomborder-none\">\n<div class=\"vcards-widget\" style=\"margin-top: 1px; margin-bottom: 1px;\">\n<div class=\"flush-columns\">\n<div class=\"vcard-row\">\n<div class=\"vcard-column hcolumn-1-1 vcard-1\">\n<div class=\"vcard\">\n<div class=\"vcard-visual vcard-image\"><img decoding=\"async\" class=\"vcard-img\" src=\"https:\/\/www.celler-kartbahn.com\/website\/wp-content\/uploads\/2017\/12\/075a.jpg\" alt=\"vCard Image\" \/><\/div>\n<div class=\"vcard-content vcard-content-hasimage\">\n<h4>Renn Ende<\/h4>\n<p style=\"text-align: left;\"><cite><br \/>\nNach der letzten Fahrt organisieren wir gern f\u00fcr euch eine Siegerehrung, daf\u00fcr k\u00f6nnt ihr Medaillen und\/oder Pokale bei uns erwerben.<br \/>&nbsp;<br \/>\n<\/cite><\/p>\n<\/div>\n<div class=\"vcard-links social-icons-widget social-icons-small\">\n<div class=\"vcard-link\"><\/div>\n<div class=\"vcard-link\"><\/div>\n<\/div>\n<\/div>\n<\/div>\n<\/div>\n<\/div>\n<\/div>\n<\/div>\n<\/div>\n<\/section>\n<\/div>\n<\/div>\n<\/div>\n","protected":false},"excerpt":{"rendered":"<p>Registrierung Der Ablauf des Kindergeburtstages f\u00e4ngt damit an, dass alle Kids sobald Sie eingetroffen sind und wir Sie begr\u00fc\u00dft haben, sich bei uns registrieren (au\u00dfer Sie sind bereits registriert). Zum Bistro Hiernach wird euch der vorbereitete eingedeckte Tisch gezeigt wo Ihr vor und zwischen den Fahrten die Zeit verweilen k\u00f6nnt. Von hier aus k\u00f6nnen die Kids \u00fcber Livemonitore den Rennablauf auf der Strecke verfolgen. Einweisung Bevor es dann an den Start geht, werden die Sturmhauben verteilt und es geht los in den Einweisungsraum wo den Kids alles ausf\u00fchrlich erkl\u00e4rt wird wie die Bedienung des Karts, sowie Regeln und Flaggenkunde auf der Strecke sind! Zur Rennstrecke<a class=\"more-link\" href=\"https:\/\/www.celler-kartbahn.com\/website\/ablauf\/\"><span>Weiter Lesen<\/span><\/a><\/p>\n","protected":false},"author":1,"featured_media":0,"parent":0,"menu_order":0,"comment_status":"closed","ping_status":"closed","template":"","meta":{"footnotes":""},"class_list":["entry","author-team","post-486","page","type-page","status-publish"],"rttpg_featured_image_url":null,"rttpg_author":{"display_name":"Team","author_link":"https:\/\/www.celler-kartbahn.com\/website\/author\/team\/"},"rttpg_comment":0,"rttpg_category":null,"rttpg_excerpt":"Registrierung Der Ablauf des Kindergeburtstages f\u00e4ngt damit an, dass alle Kids sobald Sie eingetroffen sind und wir Sie begr\u00fc\u00dft haben, sich bei uns registrieren (au\u00dfer Sie sind bereits registriert). Zum Bistro Hiernach wird euch der vorbereitete eingedeckte Tisch gezeigt wo Ihr vor und zwischen den Fahrten die Zeit verweilen k\u00f6nnt. Von hier aus k\u00f6nnen die&hellip;","_links":{"self":[{"href":"https:\/\/www.celler-kartbahn.com\/website\/wp-json\/wp\/v2\/pages\/486","targetHints":{"allow":["GET"]}}],"collection":[{"href":"https:\/\/www.celler-kartbahn.com\/website\/wp-json\/wp\/v2\/pages"}],"about":[{"href":"https:\/\/www.celler-kartbahn.com\/website\/wp-json\/wp\/v2\/types\/page"}],"author":[{"embeddable":true,"href":"https:\/\/www.celler-kartbahn.com\/website\/wp-json\/wp\/v2\/users\/1"}],"replies":[{"embeddable":true,"href":"https:\/\/www.celler-kartbahn.com\/website\/wp-json\/wp\/v2\/comments?post=486"}],"version-history":[{"count":0,"href":"https:\/\/www.celler-kartbahn.com\/website\/wp-json\/wp\/v2\/pages\/486\/revisions"}],"wp:attachment":[{"href":"https:\/\/www.celler-kartbahn.com\/website\/wp-json\/wp\/v2\/media?parent=486"}],"curies":[{"name":"wp","href":"https:\/\/api.w.org\/{rel}","templated":true}]}}