{"id":506,"date":"2017-12-01T19:01:26","date_gmt":"2017-12-01T18:01:26","guid":{"rendered":"https:\/\/www.celler-kartbahn.com\/website\/?page_id=506"},"modified":"2026-01-25T13:54:52","modified_gmt":"2026-01-25T12:54:52","slug":"kindergeburtstage","status":"publish","type":"page","link":"https:\/\/www.celler-kartbahn.com\/website\/kindergeburtstage\/","title":{"rendered":"Angebote"},"content":{"rendered":"<p style=\"text-align: center;\"><span style=\"font-size: large;\">Achtung Eltern haften f\u00fcr ihre Kinder, den dazugeh\u00f6rigen<br \/>\nHaftungsausschluss finden Sie hier: <span style=\"font-size: x-large;\"><strong><em><u><a href=\"https:\/\/www.celler-kartbahn.com\/downloads\/haftungsausschluss_eltern_und_kinder.pdf\" target=\"_blank\" rel=\"noopener noreferrer\">klick mich<\/a><\/u><\/em><\/strong><\/span><\/span><\/p>\n<p>&nbsp;<\/p>\n<p>Infos zu den Kidspartys:<\/p>\n<p><strong>Bei unseren Kidspartys ist eure Gruppe allein auf der Rennstrecke.<br \/>\n<\/strong><\/p>\n<p>Mindestteilnehmeranzahl:<\/p>\n<ul>\n<li>6 Teilnehmer\/in<\/li>\n<\/ul>\n<p>Wann ist eine Kidsparty m\u00f6glich:<\/p>\n<ul>\n<li>au\u00dferhalb der Ferien und Feiertagen von Dienstag bis Sonntag<\/li>\n<li>innerhalb der Ferien nur Samstags + Sonntags<\/li>\n<\/ul>\n<p>Ablauf &amp; Infos:<\/p>\n<ul>\n<li>Die Kidsparty muss verbindlich online gebucht werden (bestensfalls vorher Terminabsprache per Mail oder telefonisch)<\/li>\n<li>30min. vor der gebuchten Startzeit bei uns im Haus eintreffen.<\/li>\n<li>Zwischen den Fahrten ist immer eine Pause von 15-25min.<\/li>\n<li>Der reservierte Tisch steht euch nach der letzten Fahrt noch <span style=\"text-decoration: underline;\">maximal 45min.<\/span> zur Verf\u00fcgung zum verweilen.\n<ul>\n<li>Bei Buchung eines Snackpakets maximal 60min.<\/li>\n<\/ul>\n<\/li>\n<li>Das zubuchbare Snackpaket ist immer erst nach der letzten Fahrt und nicht zwischen den Fahrten m\u00f6glich.<\/li>\n<li>Mitbringen von Speisen\/Kuchen\/Getr\u00e4nken\/Geb\u00e4ck oder \u00e4hnliches ist leider durch unsere Gastronomie <strong><span style=\"text-decoration: underline;\">nicht<\/span> <\/strong>gestattet.\n<ul>\n<li>der Geburtstagstisch ist ausreichend mit S\u00fc\u00dfigkeiten sowie Chips gedeckt und wird bei Bedarf aufgef\u00fcllt.<\/li>\n<\/ul>\n<\/li>\n<li>Bezahlung vor Ort in Bar oder per EC.<\/li>\n<li>Hier haben wir einen Geburtstag fotografisch begleitet: <a href=\"https:\/\/www.celler-kartbahn.com\/website\/ablauf\/\">Ablauf der Kidsparty<\/a><\/li>\n<\/ul>\n<p>*weitere Informationen, sowie Infos zu den Snackpaketen oder Siegerehrung siehe unten.<\/p>\n<div id=\"frontpage-area_e\" class=\" frontpage-area module-bg-none\">\n<div class=\"hgrid\">\n<div id=\"frontpage-area_e_1\" class=\"hgrid-span-6\">\n<section id=\"hoot-vcards-widget-1\" class=\"widget widget_hoot-vcards-widget\" style=\"margin-top: 10px; margin-bottom: 15px;\">\n<div class=\"vcards-widget-wrap topborder-none\">\n<div class=\"vcards-widget-box bottomborder-none\">\n<div class=\"vcards-widget\" style=\"margin-top: 1px; margin-bottom: 1px;\">\n<div class=\"flush-columns\">\n<div class=\"vcard-row\">\n<div class=\"vcard-column hcolumn-1-1 vcard-1\">\n<div class=\"vcard\">\n<div style=\"background-color: #000000; color: #ff0000; font-size: 60px;\"><b>F1 <span style=\"font-size: 24px;\">35,00 pro Kind<\/span><br \/>\n<\/b><\/div>\n<div class=\"vcard-content vcard-content-hasimage\"><cite>3x 10 Minuten Fahrspa\u00df<\/cite><\/div>\n<div><\/div>\n<div class=\"vcard-content vcard-content-hasimage\" style=\"text-align: left;\"><span style=\"text-decoration: underline;\"><em><strong><span style=\"color: #ff0000; text-decoration: underline;\">Beinhaltet:<\/span><\/strong><\/em><\/span><br \/>\n* Registrierung und Sturmhaube<br \/>\n* kleines Geschenk f\u00fcr das Geburtstagskind<br \/>\n* Helmleihe<br \/>\n* 3x 10 Minuten Fahrspa\u00df<br \/>\n* Partytisch mit Chips &amp; S\u00fc\u00dfes<br \/>\n* 2 Softdrink 0,2l<\/div>\n<div class=\"vcard-content vcard-content-hasimage\" style=\"text-align: left;\">* jede weiteren 10 Minuten 8\u20ac<\/div>\n<\/div>\n<div class=\"vcard-links social-icons-widget social-icons-small\">\n<div style=\"text-align: right; padding-right: 5px;\"><\/div>\n<\/div>\n<\/div>\n<\/div>\n<\/div>\n<\/div>\n<\/div>\n<\/div>\n<\/section>\n<\/div>\n<div id=\"frontpage-area_e\" class=\" frontpage-area module-bg-none\">\n<div class=\"hgrid\">\n<div id=\"frontpage-area_e_1\" class=\"hgrid-span-6\">\n<section id=\"hoot-vcards-widget-1\" class=\"widget widget_hoot-vcards-widget\" style=\"margin-top: 10px; margin-bottom: 15px;\">\n<div class=\"vcards-widget-wrap topborder-none\">\n<div class=\"vcards-widget-box bottomborder-none\">\n<div class=\"vcards-widget\" style=\"margin-top: 1px; margin-bottom: 1px;\">\n<div class=\"flush-columns\">\n<div class=\"vcard-row\">\n<div class=\"vcard-column hcolumn-1-1 vcard-1\">\n<div class=\"vcard\">\n<div style=\"background-color: #000000; color: #ff0000; font-size: 60px;\"><b>F2 <span style=\"font-size: 24px;\">42,00 pro Kind<\/span><br \/>\n<\/b><\/div>\n<div class=\"vcard-content vcard-content-hasimage\"><cite>Grand-Prix-Modus &#8211; insg. 40min. Fahrzeit<\/cite><\/div>\n<div><\/div>\n<div class=\"vcard-content vcard-content-hasimage\" style=\"text-align: left;\"><span style=\"text-decoration: underline;\"><em><strong><span style=\"color: #ff0000; text-decoration: underline;\">Beinhaltet:<\/span><\/strong><\/em><\/span><br \/>\n* Registrierung und Sturmhaube<br \/>\n* kleines Geschenk f\u00fcr das Geburtstagskind<br \/>\n* Helmleihe<br \/>\n* 10 Minuten Training<br \/>\n* 10 Minuten Qualifying<br \/>\n* 20 Minuten Rennen (Formel-1-Start)<br \/>\n* Partytisch mit Chips &amp; S\u00fc\u00dfes<br \/>\n* 2 Softdrink 0,2l<\/div>\n<div class=\"vcard-content vcard-content-hasimage\" style=\"text-align: left;\">* jede weiteren 10 Minuten 8\u20ac<\/div>\n<\/div>\n<div class=\"vcard-links social-icons-widget social-icons-small\">\n<div style=\"text-align: right; padding-right: 5px;\"><\/div>\n<\/div>\n<\/div>\n<\/div>\n<\/div>\n<\/div>\n<\/div>\n<\/div>\n<\/section>\n<\/div>\n<p>&nbsp;<\/p>\n<p style=\"text-align: justify; color: #ff0000;\"><span style=\"font-size: 20px;\">*Neu* Pizzapaket f\u00fcr eure Party<br \/>\n<\/span><\/p>\n<p>Zu jedem Angebot k\u00f6nnt Ihr ein Pizzapaket ausw\u00e4hlen.<br \/>\nGern k\u00f6nnt ihr auch nur eine bestimmte Anzahl von Pizzapaketen buchen und es unter den Teilnehmern aufteilen (Beispiel: 10Kinder und 5 Pizzapakete).<br \/>\nBei Wunsch unbedingt unter der Onlinebuchung mit anklicken.<\/p>\n<p><span style=\"color: #ff0000;\">Pizzapaket 10,50 \u20ac pro Kind \/ Teilnehmer.<\/span><br \/>\n&#8211; ein weiteres Softgetr\u00e4nk 0,2l<br \/>\n&#8211; eine Pizza nach Wahl 29cm.<\/p>\n<p style=\"text-align: justify; color: #ff0000;\"><span style=\"font-size: 20px;\">Besonderheiten\/Wichtiges<\/span><\/p>\n<ul>\n<li><strong>Einverst\u00e4ndniserkl\u00e4rung der Eltern mitbringen, sonst wird das Kind von der Veranstaltung ausgeschlossen.<\/strong><\/li>\n<li><strong>Infos zur zweiten Ebene:<\/strong> Ob der neue Streckenabschnitt (2. Ebene) bei dem Kindergeburtstag befahren wird, h\u00e4ngt von der Erfahrung der Kids ab. Sollten die Kids unerfahren sein, so wird die Strecke mit wenigen Handgriffen vek\u00fcrzt und die 2. Ebene wird umfahren. Wenn sich Beispielsweise nach der ersten Fahrt herausstellt das alle Kinder gut\/sicher und fix unterwegs sind, kann auch die 2. Ebene bei den weiteren Fahrten daf\u00fcr ge\u00f6ffnet werden. Dies entscheidet &#8222;<strong><span style=\"text-decoration: underline;\">NUR<\/span><\/strong>&#8220; das Streckenpersonal.<\/li>\n<\/ul>\n<div id=\"frontpage-area_e\" class=\" frontpage-area module-bg-none\">\n<ul>\n<li>Sollten Erwachsene (16j+) an der Veranstaltung teilnehmen, so gilt folgender Aufschlag:\n<ul>\n<li>16-20 Jahren 5,00 \u20ac<\/li>\n<li>ab 21 Jahren 7,50 \u20ac<\/li>\n<\/ul>\n<\/li>\n<\/ul>\n<ul>\n<li>Siegerehrung m\u00f6glich bei Abnahme von min. 3 Medaillen oder Pokalen.<\/li>\n<\/ul>\n<\/div>\n<div id=\"frontpage-area_e\" class=\" frontpage-area module-bg-none\">\n<ul>\n<li>Angebote erweiterbar, jede weiteren 10 Minuten Fahrspa\u00df f\u00fcr 8,- pro Person.<\/li>\n<\/ul>\n<p>&nbsp;<\/p>\n<p>*Kuchen oder sonstige S\u00fc\u00dfigkeiten sowie Geb\u00e4ck oder \u00e4hnliches ist leider absolut nicht in unserem Haus gestattet, der Geburtstagstisch ist ausreichend mit S\u00fc\u00dfigkeiten sowie Chips gedeckt und wird bei Bedarf aufgef\u00fcllt.<\/p>\n<p>*Achtung der Kinderkartf\u00fchrerschein ist in Verbindung mit den Angeboten <strong><span style=\"text-decoration: underline;\">nicht<\/span> <\/strong>g\u00fcltig.<\/p>\n<\/div>\n<\/div>\n<\/div>\n<\/div>\n<\/div>\n","protected":false},"excerpt":{"rendered":"<p>Achtung Eltern haften f\u00fcr ihre Kinder, den dazugeh\u00f6rigen Haftungsausschluss finden Sie hier: klick mich &nbsp; Infos zu den Kidspartys: Bei unseren Kidspartys ist eure Gruppe allein auf der Rennstrecke. Mindestteilnehmeranzahl: 6 Teilnehmer\/in Wann ist eine Kidsparty m\u00f6glich: au\u00dferhalb der Ferien und Feiertagen von Dienstag bis Sonntag innerhalb der Ferien nur Samstags + Sonntags Ablauf &amp; Infos: Die Kidsparty muss verbindlich online gebucht werden (bestensfalls vorher Terminabsprache per Mail oder telefonisch) 30min. vor der gebuchten Startzeit bei uns im Haus eintreffen. Zwischen den Fahrten ist immer eine Pause von 15-25min. Der reservierte Tisch steht euch nach der letzten Fahrt noch maximal 45min. zur Verf\u00fcgung zum verweilen.<a class=\"more-link\" href=\"https:\/\/www.celler-kartbahn.com\/website\/kindergeburtstage\/\"><span>Weiter Lesen<\/span><\/a><\/p>\n","protected":false},"author":1,"featured_media":0,"parent":0,"menu_order":0,"comment_status":"closed","ping_status":"closed","template":"","meta":{"footnotes":""},"class_list":["entry","author-team","post-506","page","type-page","status-publish"],"rttpg_featured_image_url":null,"rttpg_author":{"display_name":"Team","author_link":"https:\/\/www.celler-kartbahn.com\/website\/author\/team\/"},"rttpg_comment":0,"rttpg_category":null,"rttpg_excerpt":"Achtung Eltern haften f\u00fcr ihre Kinder, den dazugeh\u00f6rigen Haftungsausschluss finden Sie hier: klick mich &nbsp; Infos zu den Kidspartys: Bei unseren Kidspartys ist eure Gruppe allein auf der Rennstrecke. Mindestteilnehmeranzahl: 6 Teilnehmer\/in Wann ist eine Kidsparty m\u00f6glich: au\u00dferhalb der Ferien und Feiertagen von Dienstag bis Sonntag innerhalb der Ferien nur Samstags + Sonntags Ablauf &amp;&hellip;","_links":{"self":[{"href":"https:\/\/www.celler-kartbahn.com\/website\/wp-json\/wp\/v2\/pages\/506","targetHints":{"allow":["GET"]}}],"collection":[{"href":"https:\/\/www.celler-kartbahn.com\/website\/wp-json\/wp\/v2\/pages"}],"about":[{"href":"https:\/\/www.celler-kartbahn.com\/website\/wp-json\/wp\/v2\/types\/page"}],"author":[{"embeddable":true,"href":"https:\/\/www.celler-kartbahn.com\/website\/wp-json\/wp\/v2\/users\/1"}],"replies":[{"embeddable":true,"href":"https:\/\/www.celler-kartbahn.com\/website\/wp-json\/wp\/v2\/comments?post=506"}],"version-history":[{"count":0,"href":"https:\/\/www.celler-kartbahn.com\/website\/wp-json\/wp\/v2\/pages\/506\/revisions"}],"wp:attachment":[{"href":"https:\/\/www.celler-kartbahn.com\/website\/wp-json\/wp\/v2\/media?parent=506"}],"curies":[{"name":"wp","href":"https:\/\/api.w.org\/{rel}","templated":true}]}}