{"id":525,"date":"2017-12-01T19:44:53","date_gmt":"2017-12-01T18:44:53","guid":{"rendered":"https:\/\/www.celler-kartbahn.com\/website\/?page_id=525"},"modified":"2025-04-01T10:43:41","modified_gmt":"2025-04-01T08:43:41","slug":"bahn-mieten","status":"publish","type":"page","link":"https:\/\/www.celler-kartbahn.com\/website\/bahn-mieten\/","title":{"rendered":"Bahnmieten"},"content":{"rendered":"<p>&nbsp;<\/p>\n<table style=\"height: 224px; width: 45.9114%;\">\n<thead>\n<tr style=\"height: 104px;\">\n<td style=\"width: 176px; text-align: center; vertical-align: top; height: 104px;\"><span style=\"font-size: 20px; font-family: Exo,helvetica,sans-serif; color: #ff0000;\">Preis pro Std.<\/span><\/td>\n<td style=\"width: 164px; height: 104px; text-align: center; vertical-align: top;\"><span style=\"font-size: 20px; font-family: Exo,helvetica,sans-serif; color: #ff0000;\">Preis<\/span><\/p>\n<p><span style=\"font-size: 20px; font-family: Exo,helvetica,sans-serif;\"><span style=\"font-size: 14px;\">(Brutto\/Netto)<\/span><\/span><\/td>\n<td style=\"width: 162.383px; text-align: center; vertical-align: top; height: 104px;\"><span style=\"font-size: 20px; font-family: Exo,helvetica,sans-serif;\"><span style=\"color: #ff0000;\">jede weitere \u00bd Std.<\/span><br \/>\n<span style=\"font-size: 14px; font-family: Exo,helvetica,sans-serif;\">(Brutto\/Netto)<\/span><\/span><\/td>\n<\/tr>\n<\/thead>\n<tbody>\n<tr style=\"height: 24px;\">\n<td style=\"width: 176px; text-align: center; height: 24px;\">inkl. 10 Karts<\/td>\n<td style=\"width: 164px; text-align: center; height: 24px;\">590,00 \u20ac \/ 495,80 \u20ac<\/td>\n<td style=\"width: 162.383px; text-align: center; height: 24px;\">295,00 \u20ac \/ 247,90 \u20ac<\/td>\n<\/tr>\n<tr style=\"height: 24px;\">\n<td style=\"width: 176px; text-align: center; height: 24px;\">jedes weitere Kart<\/td>\n<td style=\"width: 164px; text-align: center; height: 24px;\">59,00 \u20ac \/ 49,58 \u20ac<\/td>\n<td style=\"width: 162.383px; text-align: center; height: 24px;\">29,50 \u20ac \/ 24,79 \u20ac<\/td>\n<\/tr>\n<tr style=\"height: 24px;\">\n<td style=\"width: 176px; text-align: center; height: 24px;\"><span style=\"font-family: arial,helvetica,sans-serif;\">\u00a0<\/span><\/td>\n<td style=\"width: 164px; text-align: center; height: 24px;\"><\/td>\n<td style=\"width: 162.383px; text-align: center; height: 24px;\"><\/td>\n<\/tr>\n<tr style=\"height: 24px;\">\n<td style=\"width: 176px; text-align: center; height: 24px;\"><\/td>\n<td style=\"width: 164px; text-align: center; height: 24px;\"><\/td>\n<td style=\"width: 162.383px; text-align: center; height: 24px;\"><\/td>\n<\/tr>\n<tr style=\"height: 24px;\">\n<td style=\"width: 176px; text-align: center; height: 24px;\"><\/td>\n<td style=\"width: 164px; text-align: center; height: 24px;\"><\/td>\n<td style=\"width: 162.383px; text-align: center; height: 24px;\"><\/td>\n<\/tr>\n<\/tbody>\n<\/table>\n<p><span style=\"font-size: 14px;\">Info: *Exklusiv, hier ist eure Gruppe alleine auf der Rennstrecke. Mindestmietdauer ist 1 Stunde.<\/span><\/p>\n<p><span style=\"font-size: 14px;\">Mehr Karts nach Absprache m\u00f6glich. Mindestabnahme sind 10 Karts. Die zus\u00e4tzlich ben\u00f6tigten Karts k\u00f6nnen auch spontan vor Ort am Veranstaltungstag dazugebucht werden. Maximal 16 Karts k\u00f6nnen gleichzeitig fahren.<br \/>\n<\/span><\/p>\n<p>&nbsp;<\/p>\n<p><strong><span style=\"font-size: 20px;\">Speziell detaillierte Abl\u00e4ufe findet Ihr <a href=\"https:\/\/www.celler-kartbahn.com\/website\/firmen-gruppenevents\/\">hier<\/a><\/span><\/strong><\/p>\n<p>Bei Bahnmieten k\u00f6nnt ihr das Programm selbst bestimmen, nat\u00fcrlich werden Vorschl\u00e4ge von uns auch gegeben und am h\u00e4ufigsten kommt ein Teamrennen in Frage&#8230;&#8230;Ihr seit eine Gruppe und m\u00f6chtet mal ein richtiges aufregendes Rennen fahren, dann teilt eure Fahrer in Teams auf, 2-4 Fahrer pro Team. Euer Rennen wird sp\u00e4testens bei den Wechseln w\u00e4hrend des Rennen ein unglaubliches Erlebnis und es gibt spannung pur,w\u00e4hrend die anderen Fahrer und Gegner das Ergebnis auf der Gro\u00dfbildleinwand verfolgen und mitfiebern k\u00f6nnen, geben die Fahrer alles um jede Sekunde gutzumachen. Auch die Fahrer k\u00f6nnen das Ergebnis und ihre aktuellen Rundenzeiten auf der Strecke per Gro\u00dfbildleinwand verfolgen. Anschlie\u00dfende Siegerehrung mit Pokalen und Medallien&#8230; nur die besten kommen aufs Podest! Auch sehr gro\u00dfe Gruppen m\u00f6glich bis zu \u00fcber\u00a0 60 Personen.<\/p>\n","protected":false},"excerpt":{"rendered":"<p>&nbsp; Preis pro Std. Preis (Brutto\/Netto) jede weitere \u00bd Std. (Brutto\/Netto) inkl. 10 Karts 590,00 \u20ac \/ 495,80 \u20ac 295,00 \u20ac \/ 247,90 \u20ac jedes weitere Kart 59,00 \u20ac \/ 49,58 \u20ac 29,50 \u20ac \/ 24,79 \u20ac \u00a0 Info: *Exklusiv, hier ist eure Gruppe alleine auf der Rennstrecke. Mindestmietdauer ist 1 Stunde. Mehr Karts nach Absprache m\u00f6glich. Mindestabnahme sind 10 Karts. Die zus\u00e4tzlich ben\u00f6tigten Karts k\u00f6nnen auch spontan vor Ort am Veranstaltungstag dazugebucht werden. Maximal 16 Karts k\u00f6nnen gleichzeitig fahren. &nbsp; Speziell detaillierte Abl\u00e4ufe findet Ihr hier Bei Bahnmieten k\u00f6nnt ihr das Programm selbst bestimmen, nat\u00fcrlich werden Vorschl\u00e4ge von uns auch gegeben und am h\u00e4ufigsten<a class=\"more-link\" href=\"https:\/\/www.celler-kartbahn.com\/website\/bahn-mieten\/\"><span>Weiter Lesen<\/span><\/a><\/p>\n","protected":false},"author":1,"featured_media":0,"parent":0,"menu_order":0,"comment_status":"closed","ping_status":"closed","template":"","meta":{"footnotes":""},"class_list":["entry","author-team","post-525","page","type-page","status-publish"],"rttpg_featured_image_url":null,"rttpg_author":{"display_name":"Team","author_link":"https:\/\/www.celler-kartbahn.com\/website\/author\/team\/"},"rttpg_comment":0,"rttpg_category":null,"rttpg_excerpt":"&nbsp; Preis pro Std. Preis (Brutto\/Netto) jede weitere \u00bd Std. (Brutto\/Netto) inkl. 10 Karts 590,00 \u20ac \/ 495,80 \u20ac 295,00 \u20ac \/ 247,90 \u20ac jedes weitere Kart 59,00 \u20ac \/ 49,58 \u20ac 29,50 \u20ac \/ 24,79 \u20ac \u00a0 Info: *Exklusiv, hier ist eure Gruppe alleine auf der Rennstrecke. Mindestmietdauer ist 1 Stunde. Mehr Karts nach&hellip;","_links":{"self":[{"href":"https:\/\/www.celler-kartbahn.com\/website\/wp-json\/wp\/v2\/pages\/525","targetHints":{"allow":["GET"]}}],"collection":[{"href":"https:\/\/www.celler-kartbahn.com\/website\/wp-json\/wp\/v2\/pages"}],"about":[{"href":"https:\/\/www.celler-kartbahn.com\/website\/wp-json\/wp\/v2\/types\/page"}],"author":[{"embeddable":true,"href":"https:\/\/www.celler-kartbahn.com\/website\/wp-json\/wp\/v2\/users\/1"}],"replies":[{"embeddable":true,"href":"https:\/\/www.celler-kartbahn.com\/website\/wp-json\/wp\/v2\/comments?post=525"}],"version-history":[{"count":0,"href":"https:\/\/www.celler-kartbahn.com\/website\/wp-json\/wp\/v2\/pages\/525\/revisions"}],"wp:attachment":[{"href":"https:\/\/www.celler-kartbahn.com\/website\/wp-json\/wp\/v2\/media?parent=525"}],"curies":[{"name":"wp","href":"https:\/\/api.w.org\/{rel}","templated":true}]}}