{"id":694,"date":"2017-12-17T13:11:16","date_gmt":"2017-12-17T12:11:16","guid":{"rendered":"https:\/\/www.celler-kartbahn.com\/website\/?page_id=694"},"modified":"2018-07-19T15:01:40","modified_gmt":"2018-07-19T13:01:40","slug":"das-bistro","status":"publish","type":"page","link":"https:\/\/www.celler-kartbahn.com\/website\/das-bistro\/","title":{"rendered":"Bistro und Terrasse"},"content":{"rendered":"<p><img loading=\"lazy\" decoding=\"async\" class=\"bildstrecke alignleft wp-image-700\" src=\"https:\/\/www.celler-kartbahn.com\/website\/wp-content\/uploads\/2018\/07\/012.jpg\" alt=\"\" width=\"450\" height=\"300\" \/>\u00a0 <img loading=\"lazy\" decoding=\"async\" class=\"bildstrecke alignright wp-image-696\" src=\"https:\/\/www.celler-kartbahn.com\/website\/wp-content\/uploads\/2017\/12\/20150503_105336.jpg\" alt=\"\" width=\"399\" height=\"300\" srcset=\"https:\/\/www.celler-kartbahn.com\/website\/wp-content\/uploads\/2017\/12\/20150503_105336.jpg 800w, https:\/\/www.celler-kartbahn.com\/website\/wp-content\/uploads\/2017\/12\/20150503_105336-300x225.jpg 300w, https:\/\/www.celler-kartbahn.com\/website\/wp-content\/uploads\/2017\/12\/20150503_105336-768x576.jpg 768w, https:\/\/www.celler-kartbahn.com\/website\/wp-content\/uploads\/2017\/12\/20150503_105336-425x319.jpg 425w\" sizes=\"auto, (max-width: 399px) 100vw, 399px\" \/><\/p>\n<table border=\"0\" width=\"90%\" cellspacing=\"2\" cellpadding=\"2\" align=\"center\">\n<tbody>\n<tr>\n<td class=\"tbl\" colspan=\"2\" align=\"center\"><\/td>\n<\/tr>\n<tr>\n<td class=\"tbl1\" colspan=\"2\">In unserem Bistrobereich findet jeder einen gem\u00fctlichen Platz um eventuelle Wartezeiten zu \u00fcberbr\u00fccken oder einfach nur den Rennablauf zu beobachten auf den Livemonitoren.<\/p>\n<p>Neben diversen Erfrischungsgetr\u00e4nken bis zum Red-Bull f\u00fcr die Rennfahrer bieten wir ebenfalls kleine Snacks f\u00fcr den kleinen Hunger an. unsere Getr\u00e4nke &amp; Speisekarte findet ihr unter Downloads.<\/p>\n<p>Bei sonnigen Tagen ist unsere seit 2018 neugestaltete Terrasse f\u00fcr Sie ge\u00f6ffnet.<\/td>\n<\/tr>\n<\/tbody>\n<\/table>\n<p><img loading=\"lazy\" decoding=\"async\" class=\"bildstrecke alignleft wp-image-697\" src=\"https:\/\/www.celler-kartbahn.com\/website\/wp-content\/uploads\/2018\/07\/001-2.jpg\" alt=\"\" width=\"450\" height=\"300\" \/><img loading=\"lazy\" decoding=\"async\" class=\"bildstrecke alignright wp-image-698\" src=\"https:\/\/www.celler-kartbahn.com\/website\/wp-content\/uploads\/2018\/07\/014.jpg\" alt=\"\" width=\"450\" height=\"300\" \/><img loading=\"lazy\" decoding=\"async\" class=\"bildstrecke alignright wp-image-700\" src=\"https:\/\/www.celler-kartbahn.com\/website\/wp-content\/uploads\/2018\/07\/010.jpg\" alt=\"\" width=\"450\" height=\"300\" \/><img loading=\"lazy\" decoding=\"async\" class=\"bildstrecke alignleft wp-image-696\" src=\"https:\/\/www.celler-kartbahn.com\/website\/wp-content\/uploads\/2018\/07\/015.jpg\" alt=\"\" width=\"450\" height=\"300\" \/><\/p>\n","protected":false},"excerpt":{"rendered":"<p>\u00a0 In unserem Bistrobereich findet jeder einen gem\u00fctlichen Platz um eventuelle Wartezeiten zu \u00fcberbr\u00fccken oder einfach nur den Rennablauf zu beobachten auf den Livemonitoren. Neben diversen Erfrischungsgetr\u00e4nken bis zum Red-Bull f\u00fcr die Rennfahrer bieten wir ebenfalls kleine Snacks f\u00fcr den kleinen Hunger an. unsere Getr\u00e4nke &amp; Speisekarte findet ihr unter Downloads. Bei sonnigen Tagen ist unsere seit 2018 neugestaltete Terrasse f\u00fcr Sie ge\u00f6ffnet.<a class=\"more-link\" href=\"https:\/\/www.celler-kartbahn.com\/website\/das-bistro\/\"><span>Weiter Lesen<\/span><\/a><\/p>\n","protected":false},"author":1,"featured_media":0,"parent":0,"menu_order":0,"comment_status":"closed","ping_status":"closed","template":"","meta":{"footnotes":""},"class_list":["entry","author-team","post-694","page","type-page","status-publish"],"rttpg_featured_image_url":null,"rttpg_author":{"display_name":"Team","author_link":"https:\/\/www.celler-kartbahn.com\/website\/author\/team\/"},"rttpg_comment":0,"rttpg_category":null,"rttpg_excerpt":"\u00a0 In unserem Bistrobereich findet jeder einen gem\u00fctlichen Platz um eventuelle Wartezeiten zu \u00fcberbr\u00fccken oder einfach nur den Rennablauf zu beobachten auf den Livemonitoren. Neben diversen Erfrischungsgetr\u00e4nken bis zum Red-Bull f\u00fcr die Rennfahrer bieten wir ebenfalls kleine Snacks f\u00fcr den kleinen Hunger an. unsere Getr\u00e4nke &amp; Speisekarte findet ihr unter Downloads. Bei sonnigen Tagen ist&hellip;","_links":{"self":[{"href":"https:\/\/www.celler-kartbahn.com\/website\/wp-json\/wp\/v2\/pages\/694","targetHints":{"allow":["GET"]}}],"collection":[{"href":"https:\/\/www.celler-kartbahn.com\/website\/wp-json\/wp\/v2\/pages"}],"about":[{"href":"https:\/\/www.celler-kartbahn.com\/website\/wp-json\/wp\/v2\/types\/page"}],"author":[{"embeddable":true,"href":"https:\/\/www.celler-kartbahn.com\/website\/wp-json\/wp\/v2\/users\/1"}],"replies":[{"embeddable":true,"href":"https:\/\/www.celler-kartbahn.com\/website\/wp-json\/wp\/v2\/comments?post=694"}],"version-history":[{"count":0,"href":"https:\/\/www.celler-kartbahn.com\/website\/wp-json\/wp\/v2\/pages\/694\/revisions"}],"wp:attachment":[{"href":"https:\/\/www.celler-kartbahn.com\/website\/wp-json\/wp\/v2\/media?parent=694"}],"curies":[{"name":"wp","href":"https:\/\/api.w.org\/{rel}","templated":true}]}}