{"id":707,"date":"2017-12-17T13:51:56","date_gmt":"2017-12-17T12:51:56","guid":{"rendered":"https:\/\/www.celler-kartbahn.com\/website\/?page_id=707"},"modified":"2026-04-18T14:38:52","modified_gmt":"2026-04-18T12:38:52","slug":"kartflotte","status":"publish","type":"page","link":"https:\/\/www.celler-kartbahn.com\/website\/kartflotte\/","title":{"rendered":"Die Karts"},"content":{"rendered":"<p><span class=\"text_rot\"><span style=\"color: #ff0000; font-size: 20px;\">Die Indoorkarts Sodi SR5<\/span><\/span><\/p>\n<p><span class=\"text_rot\"> an Ausstattung haben wir wiedermal an nichts gespart, lasst euch von dem genialen Handling der Karts \u00fcberzeugen und findet eure neue Bestzeit heraus.<\/span><\/p>\n<div id=\"inhalt_m_rand_r\">\n<p><img loading=\"lazy\" decoding=\"async\" class=\"bildstrecke2 alignleft\" src=\"https:\/\/www.celler-kartbahn.com\/website\/wp-content\/uploads\/2018\/07\/Die-Kartbahn-Die-Karts.jpg\" alt=\"sodi\" width=\"470\" height=\"314\" align=\"left\" border=\"0\" \/><\/p>\n<p><strong>Technische Daten unserer Indoor-Karts <span class=\"text_rot\">Sodi SR5<\/span><br \/>\n<\/strong><\/p>\n<table style=\"width: 669px; height: 315px;\" border=\"0\" cellspacing=\"0\" cellpadding=\"2\">\n<tbody>\n<tr>\n<td style=\"width: 154.217px;\" align=\"right\" valign=\"top\">Motor :<\/td>\n<td style=\"width: 8.91667px;\"><\/td>\n<td style=\"width: 486.533px;\">9 PS Honda GX 270 mit LPG Betrieb<\/td>\n<\/tr>\n<tr>\n<td style=\"width: 154.217px;\" align=\"right\" valign=\"top\">Bremse :<\/td>\n<td style=\"width: 8.91667px;\"><\/td>\n<td style=\"width: 486.533px;\">Hydraulische Zweikreis-Bremse, selbstnachstellend<\/td>\n<\/tr>\n<tr>\n<td style=\"width: 154.217px;\" align=\"right\" valign=\"top\">Reifen :<\/td>\n<td style=\"width: 8.91667px;\"><\/td>\n<td style=\"width: 486.533px;\">BEBA Rot<\/td>\n<\/tr>\n<tr>\n<td style=\"width: 154.217px;\" align=\"right\" valign=\"top\">Antrieb :<\/td>\n<td style=\"width: 8.91667px;\"><\/td>\n<td style=\"width: 486.533px;\">Zahnriemen<\/td>\n<\/tr>\n<tr>\n<td style=\"width: 154.217px;\" align=\"right\" valign=\"top\">Farbe :<\/td>\n<td style=\"width: 8.91667px;\"><\/td>\n<td style=\"width: 486.533px;\">Rot\/Schwarz<\/td>\n<\/tr>\n<tr>\n<td style=\"width: 154.217px;\" align=\"right\" valign=\"top\">Gewicht :<\/td>\n<td style=\"width: 8.91667px;\"><\/td>\n<td style=\"width: 486.533px;\">165 kg<\/td>\n<\/tr>\n<tr>\n<td style=\"width: 154.217px;\" align=\"right\" valign=\"top\">Rahmen :<\/td>\n<td style=\"width: 8.91667px;\"><\/td>\n<td style=\"width: 486.533px;\">\u00f8 31,8 mm Speziallegierung<\/td>\n<\/tr>\n<tr>\n<td style=\"width: 154.217px;\" align=\"right\" valign=\"top\">Antriebswelle :<\/td>\n<td style=\"width: 8.91667px;\"><\/td>\n<td style=\"width: 486.533px;\">\u00f8 50 mm Speziallegierung, mit 2 Qualit\u00e4tskugellagern<\/td>\n<\/tr>\n<tr>\n<td style=\"width: 154.217px;\" align=\"right\" valign=\"top\">Sonderausstatung :<\/td>\n<td style=\"width: 8.91667px;\"><\/td>\n<td style=\"width: 486.533px;\">Sitzverstellung, Pedalverstellung, 4Speichen Lenkrad gepolstert, \u00dcberrollb\u00fcgel, Gas-Bremse System (Kupplungsschutz), LED Lichtpaket inkl. Bremslicht, E-Starter, Easy Drive Lenkung<\/td>\n<\/tr>\n<\/tbody>\n<\/table>\n<p>Findet eure Bestzeit mit den sportlichen perfekten Karts der Marke Sodi SR5 heraus, hier heist es nur noch Helm auf, einsteigen, Gas geben\u2026. Die Karts sind seit 09\/2023 neu im Einsatz<\/p>\n<p><em>Weitere Infos \u00fcber den Hersteller unserer Sodi Karts findet ihr unter <a href=\"http:\/\/www.sodikart.com\/de-de\/\">www.sodikart.com\/de-de\/<\/a><\/em><\/p>\n<\/div>\n","protected":false},"excerpt":{"rendered":"<p>Die Indoorkarts Sodi SR5 an Ausstattung haben wir wiedermal an nichts gespart, lasst euch von dem genialen Handling der Karts \u00fcberzeugen und findet eure neue Bestzeit heraus. Technische Daten unserer Indoor-Karts Sodi SR5 Motor : 9 PS Honda GX 270 mit LPG Betrieb Bremse : Hydraulische Zweikreis-Bremse, selbstnachstellend Reifen : BEBA Rot Antrieb : Zahnriemen Farbe : Rot\/Schwarz Gewicht : 165 kg Rahmen : \u00f8 31,8 mm Speziallegierung Antriebswelle : \u00f8 50 mm Speziallegierung, mit 2 Qualit\u00e4tskugellagern Sonderausstatung : Sitzverstellung, Pedalverstellung, 4Speichen Lenkrad gepolstert, \u00dcberrollb\u00fcgel, Gas-Bremse System (Kupplungsschutz), LED Lichtpaket inkl. Bremslicht, E-Starter, Easy Drive Lenkung Findet eure Bestzeit mit den sportlichen perfekten Karts der<a class=\"more-link\" href=\"https:\/\/www.celler-kartbahn.com\/website\/kartflotte\/\"><span>Weiter Lesen<\/span><\/a><\/p>\n","protected":false},"author":1,"featured_media":0,"parent":0,"menu_order":0,"comment_status":"closed","ping_status":"closed","template":"","meta":{"footnotes":""},"class_list":["entry","author-team","post-707","page","type-page","status-publish"],"rttpg_featured_image_url":null,"rttpg_author":{"display_name":"Team","author_link":"https:\/\/www.celler-kartbahn.com\/website\/author\/team\/"},"rttpg_comment":0,"rttpg_category":null,"rttpg_excerpt":"Die Indoorkarts Sodi SR5 an Ausstattung haben wir wiedermal an nichts gespart, lasst euch von dem genialen Handling der Karts \u00fcberzeugen und findet eure neue Bestzeit heraus. Technische Daten unserer Indoor-Karts Sodi SR5 Motor : 9 PS Honda GX 270 mit LPG Betrieb Bremse : Hydraulische Zweikreis-Bremse, selbstnachstellend Reifen : BEBA Rot Antrieb : Zahnriemen&hellip;","_links":{"self":[{"href":"https:\/\/www.celler-kartbahn.com\/website\/wp-json\/wp\/v2\/pages\/707","targetHints":{"allow":["GET"]}}],"collection":[{"href":"https:\/\/www.celler-kartbahn.com\/website\/wp-json\/wp\/v2\/pages"}],"about":[{"href":"https:\/\/www.celler-kartbahn.com\/website\/wp-json\/wp\/v2\/types\/page"}],"author":[{"embeddable":true,"href":"https:\/\/www.celler-kartbahn.com\/website\/wp-json\/wp\/v2\/users\/1"}],"replies":[{"embeddable":true,"href":"https:\/\/www.celler-kartbahn.com\/website\/wp-json\/wp\/v2\/comments?post=707"}],"version-history":[{"count":1,"href":"https:\/\/www.celler-kartbahn.com\/website\/wp-json\/wp\/v2\/pages\/707\/revisions"}],"predecessor-version":[{"id":3845,"href":"https:\/\/www.celler-kartbahn.com\/website\/wp-json\/wp\/v2\/pages\/707\/revisions\/3845"}],"wp:attachment":[{"href":"https:\/\/www.celler-kartbahn.com\/website\/wp-json\/wp\/v2\/media?parent=707"}],"curies":[{"name":"wp","href":"https:\/\/api.w.org\/{rel}","templated":true}]}}