{"id":713,"date":"2017-12-17T14:16:31","date_gmt":"2017-12-17T13:16:31","guid":{"rendered":"https:\/\/www.celler-kartbahn.com\/website\/?page_id=713"},"modified":"2018-07-19T14:49:07","modified_gmt":"2018-07-19T12:49:07","slug":"kinderkartflotte","status":"publish","type":"page","link":"https:\/\/www.celler-kartbahn.com\/website\/kinderkartflotte\/","title":{"rendered":"Die Kinderkarts"},"content":{"rendered":"<p><span style=\"color: #ff0000; font-size: 20px;\">Die Kinderkarts Sodi LR5<\/span><\/p>\n<p>die Karts f\u00fcr die kleinen Piloten.<\/p>\n<p>F\u00fcr unsere kleinen geht es ab einem alter von 8 Jahren und einer gr\u00f6\u00dfe von min. 1,25m los.<\/p>\n<p>Auf gehts, jeder f\u00e4ngt klein an&#8230;<\/p>\n<div>\n<p><strong>Technische Daten unserer 10 Kinderkarts der Marke Sodi LR 5<\/strong><strong><img loading=\"lazy\" decoding=\"async\" class=\"bildstrecke2 alignnone alignleft\" src=\"https:\/\/www.celler-kartbahn.com\/website\/wp-content\/uploads\/2018\/07\/Die-Kartbahn-Die-Kinderkarts.jpg\" alt=\"LR7 beta\" width=\"470\" height=\"314\" align=\"right\" border=\"0\" \/><\/strong><\/p>\n<table style=\"width: 677px; height: 328px;\" border=\"0\" cellspacing=\"0\" cellpadding=\"2\">\n<tbody>\n<tr>\n<td style=\"width: 134.283px; text-align: right;\" align=\"right\" valign=\"top\">Motor :<\/td>\n<td style=\"width: 20.85px;\"><\/td>\n<td style=\"width: 502.533px;\">5,5 PS Honda GX 160<\/td>\n<\/tr>\n<tr>\n<td style=\"width: 134.283px;\" align=\"right\" valign=\"top\">Bremse :<\/td>\n<td style=\"width: 20.85px;\"><\/td>\n<td style=\"width: 502.533px;\">Hydraulische Bremse<\/td>\n<\/tr>\n<tr>\n<td style=\"width: 134.283px;\" align=\"right\" valign=\"top\">Reifen :<\/td>\n<td style=\"width: 20.85px;\"><\/td>\n<td style=\"width: 502.533px;\">MEKAONE HDA<\/td>\n<\/tr>\n<tr>\n<td style=\"width: 134.283px;\" align=\"right\" valign=\"top\">Antrieb :<\/td>\n<td style=\"width: 20.85px;\"><\/td>\n<td style=\"width: 502.533px;\">Zahnriemen<\/td>\n<\/tr>\n<tr>\n<td style=\"width: 134.283px;\" align=\"right\" valign=\"top\">Gewicht :<\/td>\n<td style=\"width: 20.85px;\"><\/td>\n<td style=\"width: 502.533px;\">124 kg<\/td>\n<\/tr>\n<tr>\n<td style=\"width: 134.283px;\" align=\"right\" valign=\"top\">Farbe :<\/td>\n<td style=\"width: 20.85px;\"><\/td>\n<td style=\"width: 502.533px;\">Schwarz\/Orange\/Gr\u00fcn\/Weis<\/td>\n<\/tr>\n<tr>\n<td style=\"width: 134.283px;\" align=\"right\" valign=\"top\">Rahmen :<\/td>\n<td style=\"width: 20.85px;\"><\/td>\n<td style=\"width: 502.533px;\">\u00f8 31,8 mm Speziallegierung<\/td>\n<\/tr>\n<tr>\n<td style=\"width: 134.283px;\" align=\"right\" valign=\"top\">Antriebswelle :<\/td>\n<td style=\"width: 20.85px;\"><\/td>\n<td style=\"width: 502.533px;\">\u00f8 30 mm Speziallegierung, mit 3 Qualit\u00e4tskugellagern<\/td>\n<\/tr>\n<tr>\n<td style=\"width: 134.283px;\" align=\"right\" valign=\"top\">Sonderausstatung:<\/td>\n<td style=\"width: 20.85px;\"><\/td>\n<td style=\"width: 502.533px;\">4-Punkt Sicherheitsgurt, Gas Bremssystem (Kupplungsschutz), LED Beleuchtung,<\/p>\n<p>Bremslicht, Sitzverstellung, Lenkradverstellung, Pedalverstellung, \u00dcberrollb\u00fcgel<\/td>\n<\/tr>\n<\/tbody>\n<\/table>\n<p>&nbsp;<\/p>\n<p><strong>Junior Racing &#8211; Bahn frei f\u00fcr die Nachwuchs-Piloten!<\/strong><\/p>\n<p>Auf unserer Indoorkartbahn k\u00f6nnen Geburtstagskinder und deren G\u00e4ste sowie Schulklassen Rennfahrerluft schnuppern und mal so richtig Gas geben. Unser geschultes Fachpersonal erkl\u00e4rt die Rennregeln, weist in die Bedienung der Karts ein und trifft alle Sicherheitsvorkehrungen auf der Strecke. Jahrelange Erfahrung, technisches Know-how, h\u00f6chste Qualit\u00e4tsanspr\u00fcche und t\u00e4gliche, regelm\u00e4\u00dfige Checks garantieren ein H\u00f6chstma\u00df an Sicherheit, Power und Fahrspa\u00df.<\/p>\n<\/div>\n","protected":false},"excerpt":{"rendered":"<p>Die Kinderkarts Sodi LR5 die Karts f\u00fcr die kleinen Piloten. F\u00fcr unsere kleinen geht es ab einem alter von 8 Jahren und einer gr\u00f6\u00dfe von min. 1,25m los. Auf gehts, jeder f\u00e4ngt klein an&#8230; Technische Daten unserer 10 Kinderkarts der Marke Sodi LR 5 Motor : 5,5 PS Honda GX 160 Bremse : Hydraulische Bremse Reifen : MEKAONE HDA Antrieb : Zahnriemen Gewicht : 124 kg Farbe : Schwarz\/Orange\/Gr\u00fcn\/Weis Rahmen : \u00f8 31,8 mm Speziallegierung Antriebswelle : \u00f8 30 mm Speziallegierung, mit 3 Qualit\u00e4tskugellagern Sonderausstatung: 4-Punkt Sicherheitsgurt, Gas Bremssystem (Kupplungsschutz), LED Beleuchtung, Bremslicht, Sitzverstellung, Lenkradverstellung, Pedalverstellung, \u00dcberrollb\u00fcgel &nbsp; Junior Racing &#8211; Bahn frei f\u00fcr die<a class=\"more-link\" href=\"https:\/\/www.celler-kartbahn.com\/website\/kinderkartflotte\/\"><span>Weiter Lesen<\/span><\/a><\/p>\n","protected":false},"author":1,"featured_media":0,"parent":0,"menu_order":0,"comment_status":"closed","ping_status":"closed","template":"","meta":{"footnotes":""},"class_list":["entry","author-team","post-713","page","type-page","status-publish"],"rttpg_featured_image_url":null,"rttpg_author":{"display_name":"Team","author_link":"https:\/\/www.celler-kartbahn.com\/website\/author\/team\/"},"rttpg_comment":0,"rttpg_category":null,"rttpg_excerpt":"Die Kinderkarts Sodi LR5 die Karts f\u00fcr die kleinen Piloten. F\u00fcr unsere kleinen geht es ab einem alter von 8 Jahren und einer gr\u00f6\u00dfe von min. 1,25m los. Auf gehts, jeder f\u00e4ngt klein an&#8230; Technische Daten unserer 10 Kinderkarts der Marke Sodi LR 5 Motor : 5,5 PS Honda GX 160 Bremse : Hydraulische Bremse&hellip;","_links":{"self":[{"href":"https:\/\/www.celler-kartbahn.com\/website\/wp-json\/wp\/v2\/pages\/713","targetHints":{"allow":["GET"]}}],"collection":[{"href":"https:\/\/www.celler-kartbahn.com\/website\/wp-json\/wp\/v2\/pages"}],"about":[{"href":"https:\/\/www.celler-kartbahn.com\/website\/wp-json\/wp\/v2\/types\/page"}],"author":[{"embeddable":true,"href":"https:\/\/www.celler-kartbahn.com\/website\/wp-json\/wp\/v2\/users\/1"}],"replies":[{"embeddable":true,"href":"https:\/\/www.celler-kartbahn.com\/website\/wp-json\/wp\/v2\/comments?post=713"}],"version-history":[{"count":0,"href":"https:\/\/www.celler-kartbahn.com\/website\/wp-json\/wp\/v2\/pages\/713\/revisions"}],"wp:attachment":[{"href":"https:\/\/www.celler-kartbahn.com\/website\/wp-json\/wp\/v2\/media?parent=713"}],"curies":[{"name":"wp","href":"https:\/\/api.w.org\/{rel}","templated":true}]}}