{"id":748,"date":"2016-02-13T14:40:54","date_gmt":"2016-02-13T13:40:54","guid":{"rendered":"https:\/\/www.celler-kartbahn.com\/website\/?page_id=748"},"modified":"2026-02-14T20:44:22","modified_gmt":"2026-02-14T19:44:22","slug":"kinderkartclub-infos","status":"publish","type":"page","link":"https:\/\/www.celler-kartbahn.com\/website\/kinderkartclub-infos\/","title":{"rendered":"Kinderkartclub &#8211; Infos"},"content":{"rendered":"<p><img loading=\"lazy\" decoding=\"async\" class=\"bildstrecke alignleft wp-image-749 size-full\" src=\"https:\/\/www.celler-kartbahn.com\/website\/wp-content\/uploads\/2017\/12\/48a-1.png\" alt=\"\" width=\"400\" height=\"267\" srcset=\"https:\/\/www.celler-kartbahn.com\/website\/wp-content\/uploads\/2017\/12\/48a-1.png 400w, https:\/\/www.celler-kartbahn.com\/website\/wp-content\/uploads\/2017\/12\/48a-1-300x200.png 300w\" sizes=\"auto, (max-width: 400px) 100vw, 400px\" \/> <img loading=\"lazy\" decoding=\"async\" class=\"bildstrecke alignright wp-image-750 size-full\" src=\"https:\/\/www.celler-kartbahn.com\/website\/wp-content\/uploads\/2017\/12\/59a-1.png\" alt=\"\" width=\"400\" height=\"267\" srcset=\"https:\/\/www.celler-kartbahn.com\/website\/wp-content\/uploads\/2017\/12\/59a-1.png 400w, https:\/\/www.celler-kartbahn.com\/website\/wp-content\/uploads\/2017\/12\/59a-1-300x200.png 300w\" sizes=\"auto, (max-width: 400px) 100vw, 400px\" \/><\/p>\n<table border=\"0\" width=\"90%\" cellspacing=\"2\" cellpadding=\"2\" align=\"center\">\n<tbody>\n<tr>\n<td colspan=\"2\" align=\"center\"><\/td>\n<\/tr>\n<tr>\n<td class=\"tbl1\" colspan=\"2\">An 2 Sonntagen im Monat treffen sich unsere Kids um zu trainieren, Rennen auszutragen oder viele verschieden Trainingseinheiten zu meistern (Termine unter Kartclub-Termine). Die Kids sind dort alle im nahezu gleichem alter und trainieren unter sich (8-15Jahre). Der Clubkurs ist immer 2 Stunden von 10:00 &#8211; 12:00 Uhr Vormittags. Dort teilen wir die kids in 2 Gruppen auf, kleinere\/Anf\u00e4nger und die etwas schnelleren\/gr\u00f6\u00dferen jeweils in eine Gruppe. Dadurch k\u00f6nnen wir je nach Gruppe das richtige Training aus\u00fcben und die Kids im Sachen Kartfahren besser f\u00f6rdern.<\/p>\n<p>Es ist vorgesehen 1x im Jahr eine andere Kartbahn zu besuchen oder einen gemeinsammen Ausflug oder ein Event zu veranstalten, um den Teamgeist und die Freundschaften untereinander nochmals zu steigern<\/p>\n<p>Wenn ihr mal reinschnuppern m\u00f6chtet kostet der Schnupperkurs f\u00fcr euch 35 Euro, gef\u00e4llt es euch, k\u00f6nnt ihr euch im Anschluss gleich Anmelden. Mindestvertragslaufzeit sind 6 Monate und kostet 59,- Euro pro Monat.<\/p>\n<p>Um als Team aufzutreten ist bei Eintritt der Kartclub-Overall pflicht. Dieser kostet erstmalig nur 69,- \u20ac. Jeder Weitere Overall kostet 79,- \u20ac<\/p>\n<p>Sollten die Kids noch <u>sehr<\/u> unerfahren sein, so muss zuerst der <a href=\"https:\/\/www.celler-kartbahn.com\/website\/kinderkartfuehrerschein\/\" target=\"_blank\" rel=\"noopener\">Kinderkartf\u00fchrerschein<\/a> absolviert werden.<\/p>\n<p>&nbsp;<\/p>\n<p>&nbsp;<\/p>\n<p><span style=\"text-decoration: underline;\"><strong>Kartclub Ablauf 2026:<\/strong><\/span><\/p>\n<p>Im Jahr 2026 \u00e4ndern wir den Ablauf des Kartclub`s. Wir fahren im Jahr zu den Trainings insgesamt 3 Saison aus wo jeder Fahrer\/in Punkte pro Rennen sammeln kann. Diese Punkte sind dann \u00fcber eine Tabelle auf der Website einzusehen. Beim ersten Training des Monats fahren wir nur die Qualifying`s aus, diese bestimmen die Teilnehmer der Finalrennen zum 2. Training im Monat (Abl\u00e4ufe siehe unten). Nach den Finalrennen bekommen die ersten 5 Platzierten Fahrer\/in Punkte (1. = 10P. \/ 2. = 8 P. \/ 3. = 6 P. \/ 4. = 4P. \/ 5. = 2P.) zus\u00e4tzlich erhalten die ersten 3 Pl\u00e4tze einen Wanderpokal. Am Ende jeder Saison d\u00fcrfen die Saisonsieger die Pokale mit nach Hause nehmen.<\/p>\n<p>(1. Saison M\u00e4rz\/April\/Mai)<\/p>\n<p>(2. Saison Juni\/Juli\/August)<\/p>\n<p>(3. Saison September\/Oktober\/November)<\/p>\n<p>Erstes Training im Monat, vor Beginn teilen wir die Fahrer in 2 Gruppen auf und fahren insgesamt 8 Qualifyings \u00e010min. (4pro Person). Bei jedem Qualifying sorgen wir daf\u00fcr das jede\/r Fahrer\/in ein anders Kart bekommt.<\/p>\n<p>Ablauf:<\/p>\n<ul>\n<li>10min. Qualifying1 Gruppe 1<\/li>\n<li>10min. Qualifying1 Gruppe 2<\/li>\n<li>10min. Qualifying2 Gruppe 1<\/li>\n<li>10min. Qualifying2 Gruppe 2<\/li>\n<li>10min. Qualifying3 Gruppe 1<\/li>\n<li>10min. Qualifying3 Gruppe 2<\/li>\n<li>10min. Qualifying4 Gruppe 1<\/li>\n<li>10min. Qualifying4 Gruppe 2<\/li>\n<li>Trainingsende<\/li>\n<\/ul>\n<p>&nbsp;<\/p>\n<p>Zweites Training im Monat, hier werden alle gefahrenen Qualifyings vom ersten Training im Monat gewertet. Die besten 15 Fahrer\/in fahren insgesamt 2 Rennen im <span style=\"color: #ff0000;\">A-FINALE<\/span> mit Startaufstellung und Ampelstart \u00e0 14min. inkl. eines Boxenstopp`s &#8222;stop&amp;go&#8220; und Stopp an der Haltelinie je Rennen. F\u00fcr Teilnehmer\/in die beim 2. Training im Monat fehlen, r\u00fcckt keiner nach und es fahren halt weniger das <span style=\"color: #ff0000;\">A-FINALE<\/span>.<\/p>\n<p>Alle Teilnehmer die sich nicht f\u00fcr das <span style=\"color: #ff0000;\">A-FINALE<\/span> qualifiziert haben oder beim 1. Training im Monat nicht anwesend waren, fahren Kurventraining + 1x14min. Rennen auf Bestzeit (<span style=\"color: #ff0000;\">B-FINALE<\/span>) mit Punktewertung<\/p>\n<p>Ablauf:<\/p>\n<ul>\n<li>14min. Rennen 1 Gruppe 1<\/li>\n<li>14min. Kurventraining Gruppe 2<\/li>\n<li>14min. Rennen 2 Gruppe 1<\/li>\n<li>14min. Bestzeitrennen (ohne Startaufstellung, Bestzeit 14min. aus der Box)<\/li>\n<li>Siegerehrung A-FINALE &amp; B-FINALE auf dem Siegerpodest mit Wanderpokalen<\/li>\n<li>10min. freies fahren Gruppe 1<\/li>\n<li>10min. Kurventraining Gruppe 2 (2 Kurven mit H\u00fctchen aufstellen und Linie erkl\u00e4ren)<\/li>\n<li>Trainingsende<\/li>\n<\/ul>\n<p>Allgemeine Infos:<\/p>\n<ul>\n<li>Punktewertung A-FINALE:\n<ul>\n<li>es werden aus beiden Rennen jeweils die ersten 5 Platzierten ermittelt, sollte ein gleichstand zustande kommen (sprich Max ist 1. und 2. geworden &amp; Peter ist 2. und 1. geworden, so wird die Bestzeit der jeweiligen Fahrer\/in aus beiden Rennen es entscheiden)<\/li>\n<li>Punktewertung (1. = 10P. \/ 2. = 8 P. \/ 3. = 6 P. \/ 4. = 4P. \/ 5. = 2P.)<\/li>\n<\/ul>\n<\/li>\n<li>Punktewertung B-FINALE:\n<ul>\n<li>Punktewertung (1. = 10P. \/ 2. = 8 P. \/ 3. = 6 P. \/ 4. = 4P. \/ 5. = 2P.)<\/li>\n<\/ul>\n<\/li>\n<li>Saisonwertung: Sollte es einen gleichen Punktestand am ende der Saison geben, so entscheidet auch hier die Bestzeit der Saison.<\/li>\n<li>Saisonpokale pro Gruppe. Zur jeder Saison gibt es neue Wanderpokale, nur diesmal d\u00fcrfen die Sieger der Saison am Ende der Saison die Pokale behalten. Am Ende jeder Saison zum Finalrennen (Mai \/ August \/ November) gibt es dann 2 Siegerehrungen (erst die vom gefahrenen Rennen und dann die Saisonsiegerehrung beider Gruppen)<\/li>\n<li>Es werden alle Teilnemer in beiden Finalgruppen gewertet (A &amp; B-Finale). Da die Gruppe sich pro Monat sicherlich \u00e4ndern.<\/li>\n<\/ul>\n<p>&nbsp;<\/p>\n<p>Bei R\u00fcckfragen oder Unklarheiten zum neuen Ablauf k\u00f6nnt ihr uns \u00fcber <\/strong> \u00a0 \u00a0<a href=\"https:\/\/wa.me\/4915231394662\"><img loading=\"lazy\" decoding=\"async\" class=\"wp-image-3575 alignnone\" src=\"https:\/\/www.celler-kartbahn.com\/website\/wp-content\/uploads\/2024\/03\/button-150x150.png\" alt=\"\" width=\"50\" height=\"50\" srcset=\"https:\/\/www.celler-kartbahn.com\/website\/wp-content\/uploads\/2024\/03\/button-150x150.png 150w, https:\/\/www.celler-kartbahn.com\/website\/wp-content\/uploads\/2024\/03\/button-300x300.png 300w, https:\/\/www.celler-kartbahn.com\/website\/wp-content\/uploads\/2024\/03\/button-400x400.png 400w, https:\/\/www.celler-kartbahn.com\/website\/wp-content\/uploads\/2024\/03\/button-425x425.png 425w, https:\/\/www.celler-kartbahn.com\/website\/wp-content\/uploads\/2024\/03\/button.png 512w\" sizes=\"auto, (max-width: 50px) 100vw, 50px\" \/><\/a> erreichen.<\/td>\n<\/tr>\n<\/tbody>\n<\/table>\n<table border=\"0\" width=\"100%\" cellspacing=\"0\" cellpadding=\"0\" align=\"center\">\n<tbody>\n<tr>\n<td align=\"left\"><img loading=\"lazy\" decoding=\"async\" class=\"bildstrecke wp-image-751 size-full alignnone\" src=\"https:\/\/www.celler-kartbahn.com\/website\/wp-content\/uploads\/2017\/12\/39a.png\" alt=\"\" width=\"178\" height=\"267\" \/><\/td>\n<td align=\"center\"><img loading=\"lazy\" decoding=\"async\" class=\"bildstrecke alignnone wp-image-752 size-full\" src=\"https:\/\/www.celler-kartbahn.com\/website\/wp-content\/uploads\/2017\/12\/40a.png\" alt=\"\" width=\"178\" height=\"267\" \/><\/td>\n<td align=\"center\"><img loading=\"lazy\" decoding=\"async\" class=\"bildstrecke wp-image-753 size-full alignnone\" src=\"https:\/\/www.celler-kartbahn.com\/website\/wp-content\/uploads\/2017\/12\/41a.png\" alt=\"\" width=\"178\" height=\"267\" \/><\/td>\n<td align=\"center\"><img loading=\"lazy\" decoding=\"async\" class=\"bildstrecke alignnone wp-image-754 size-full\" src=\"https:\/\/www.celler-kartbahn.com\/website\/wp-content\/uploads\/2017\/12\/46a.png\" alt=\"\" width=\"178\" height=\"267\" \/><\/td>\n<td align=\"right\"><img loading=\"lazy\" decoding=\"async\" class=\"bildstrecke wp-image-755 size-full alignnone\" src=\"https:\/\/www.celler-kartbahn.com\/website\/wp-content\/uploads\/2017\/12\/55a.png\" alt=\"\" width=\"178\" height=\"267\" \/><\/td>\n<\/tr>\n<\/tbody>\n<\/table>\n<p><img loading=\"lazy\" decoding=\"async\" class=\"bildstrecke alignleft wp-image-756 size-full\" src=\"https:\/\/www.celler-kartbahn.com\/website\/wp-content\/uploads\/2017\/12\/38a-1.png\" alt=\"\" width=\"400\" height=\"267\" srcset=\"https:\/\/www.celler-kartbahn.com\/website\/wp-content\/uploads\/2017\/12\/38a-1.png 400w, https:\/\/www.celler-kartbahn.com\/website\/wp-content\/uploads\/2017\/12\/38a-1-300x200.png 300w\" sizes=\"auto, (max-width: 400px) 100vw, 400px\" \/> <img loading=\"lazy\" decoding=\"async\" class=\"bildstrecke alignright wp-image-757 size-full\" src=\"https:\/\/www.celler-kartbahn.com\/website\/wp-content\/uploads\/2017\/12\/49a-1.png\" alt=\"\" width=\"400\" height=\"267\" srcset=\"https:\/\/www.celler-kartbahn.com\/website\/wp-content\/uploads\/2017\/12\/49a-1.png 400w, https:\/\/www.celler-kartbahn.com\/website\/wp-content\/uploads\/2017\/12\/49a-1-300x200.png 300w\" sizes=\"auto, (max-width: 400px) 100vw, 400px\" \/> <img loading=\"lazy\" decoding=\"async\" class=\"bildstrecke alignleft wp-image-758 size-full\" src=\"https:\/\/www.celler-kartbahn.com\/website\/wp-content\/uploads\/2017\/12\/54a-1.png\" alt=\"\" width=\"400\" height=\"267\" srcset=\"https:\/\/www.celler-kartbahn.com\/website\/wp-content\/uploads\/2017\/12\/54a-1.png 400w, https:\/\/www.celler-kartbahn.com\/website\/wp-content\/uploads\/2017\/12\/54a-1-300x200.png 300w\" sizes=\"auto, (max-width: 400px) 100vw, 400px\" \/><\/p>\n","protected":false},"excerpt":{"rendered":"<p>An 2 Sonntagen im Monat treffen sich unsere Kids um zu trainieren, Rennen auszutragen oder viele verschieden Trainingseinheiten zu meistern (Termine unter Kartclub-Termine). Die Kids sind dort alle im nahezu gleichem alter und trainieren unter sich (8-15Jahre). Der Clubkurs ist immer 2 Stunden von 10:00 &#8211; 12:00 Uhr Vormittags. Dort teilen wir die kids in 2 Gruppen auf, kleinere\/Anf\u00e4nger und die etwas schnelleren\/gr\u00f6\u00dferen jeweils in eine Gruppe. Dadurch k\u00f6nnen wir je nach Gruppe das richtige Training aus\u00fcben und die Kids im Sachen Kartfahren besser f\u00f6rdern. Es ist vorgesehen 1x im Jahr eine andere Kartbahn zu besuchen oder einen gemeinsammen Ausflug oder ein Event zu veranstalten,<a class=\"more-link\" href=\"https:\/\/www.celler-kartbahn.com\/website\/kinderkartclub-infos\/\"><span>Weiter Lesen<\/span><\/a><\/p>\n","protected":false},"author":1,"featured_media":0,"parent":0,"menu_order":0,"comment_status":"closed","ping_status":"closed","template":"","meta":{"footnotes":""},"class_list":["entry","author-team","post-748","page","type-page","status-publish"],"rttpg_featured_image_url":null,"rttpg_author":{"display_name":"Team","author_link":"https:\/\/www.celler-kartbahn.com\/website\/author\/team\/"},"rttpg_comment":0,"rttpg_category":null,"rttpg_excerpt":"An 2 Sonntagen im Monat treffen sich unsere Kids um zu trainieren, Rennen auszutragen oder viele verschieden Trainingseinheiten zu meistern (Termine unter Kartclub-Termine). Die Kids sind dort alle im nahezu gleichem alter und trainieren unter sich (8-15Jahre). Der Clubkurs ist immer 2 Stunden von 10:00 &#8211; 12:00 Uhr Vormittags. Dort teilen wir die kids in&hellip;","_links":{"self":[{"href":"https:\/\/www.celler-kartbahn.com\/website\/wp-json\/wp\/v2\/pages\/748","targetHints":{"allow":["GET"]}}],"collection":[{"href":"https:\/\/www.celler-kartbahn.com\/website\/wp-json\/wp\/v2\/pages"}],"about":[{"href":"https:\/\/www.celler-kartbahn.com\/website\/wp-json\/wp\/v2\/types\/page"}],"author":[{"embeddable":true,"href":"https:\/\/www.celler-kartbahn.com\/website\/wp-json\/wp\/v2\/users\/1"}],"replies":[{"embeddable":true,"href":"https:\/\/www.celler-kartbahn.com\/website\/wp-json\/wp\/v2\/comments?post=748"}],"version-history":[{"count":0,"href":"https:\/\/www.celler-kartbahn.com\/website\/wp-json\/wp\/v2\/pages\/748\/revisions"}],"wp:attachment":[{"href":"https:\/\/www.celler-kartbahn.com\/website\/wp-json\/wp\/v2\/media?parent=748"}],"curies":[{"name":"wp","href":"https:\/\/api.w.org\/{rel}","templated":true}]}}